{"id":1412,"date":"2025-10-01T13:33:16","date_gmt":"2025-10-01T13:33:16","guid":{"rendered":"https:\/\/aslotech-dz.com\/eshop\/?post_type=product&#038;p=1412"},"modified":"2025-10-01T16:03:15","modified_gmt":"2025-10-01T16:03:15","slug":"pc-all-in-one-smart-pos-sp-p1-double-ecran-j1900-ram-4g-ssd-64g-ecran-15-6-wifi","status":"publish","type":"product","link":"https:\/\/aslotech-dz.com\/eshop\/produit\/pc-all-in-one-smart-pos-sp-p1-double-ecran-j1900-ram-4g-ssd-64g-ecran-15-6-wifi\/","title":{"rendered":"SMARTPOS SP-P1 \u2013 PC All-in-One POS Double \u00c9cran 15.6&Prime;"},"content":{"rendered":"<p data-start=\"2718\" data-end=\"2980\">Le <strong data-start=\"2721\" data-end=\"2752\">terminal POS SMARTPOS SP-P1<\/strong> est con\u00e7u pour offrir une solution compl\u00e8te et ergonomique aux commer\u00e7ants et restaurateurs.<br data-start=\"2845\" data-end=\"2848\" \/>Avec son <strong data-start=\"2857\" data-end=\"2879\">double \u00e9cran 15.6&Prime;<\/strong>, il permet une interaction fluide entre l\u2019op\u00e9rateur et le client, optimisant l\u2019exp\u00e9rience d\u2019achat.<\/p>\n<p data-start=\"2982\" data-end=\"3258\">Son processeur <strong data-start=\"2997\" data-end=\"3012\">Intel J1900<\/strong>, associ\u00e9 \u00e0 <strong data-start=\"3024\" data-end=\"3038\">4Go de RAM<\/strong> et un <strong data-start=\"3045\" data-end=\"3060\">SSD de 64Go<\/strong>, garantit rapidit\u00e9 et stabilit\u00e9 dans l\u2019ex\u00e9cution des logiciels de caisse et de gestion.<br data-start=\"3148\" data-end=\"3151\" \/>Le <strong data-start=\"3154\" data-end=\"3171\">Wi-Fi int\u00e9gr\u00e9<\/strong> facilite la connectivit\u00e9, et son design compact assure un gain de place au comptoir.<\/p>\n<p data-start=\"3260\" data-end=\"3382\">Une solution fiable pour moderniser les points de vente, am\u00e9liorer la productivit\u00e9 et offrir un service client efficace.<\/p>\n<table>\n<thead>\n<tr>\n<th>Caract\u00e9ristiques<\/th>\n<th>D\u00e9tails<\/th>\n<\/tr>\n<\/thead>\n<tbody>\n<tr>\n<td><strong>Mod\u00e8le<\/strong><\/td>\n<td>SMARTPOS SP-P1<\/td>\n<\/tr>\n<tr>\n<td><strong>Type<\/strong><\/td>\n<td>PC All-in-One POS<\/td>\n<\/tr>\n<tr>\n<td><strong>\u00c9crans<\/strong><\/td>\n<td>Double \u00e9cran 15.6&Prime;<\/td>\n<\/tr>\n<tr>\n<td><strong>Processeur<\/strong><\/td>\n<td>Intel J1900<\/td>\n<\/tr>\n<tr>\n<td><strong>M\u00e9moire RAM<\/strong><\/td>\n<td>4 Go<\/td>\n<\/tr>\n<tr>\n<td><strong>Stockage<\/strong><\/td>\n<td>SSD 64 Go<\/td>\n<\/tr>\n<tr>\n<td><strong>Connectivit\u00e9<\/strong><\/td>\n<td>Wi-Fi<\/td>\n<\/tr>\n<tr>\n<td><strong>Utilisation<\/strong><\/td>\n<td>Commerce, restauration, retail<\/td>\n<\/tr>\n<\/tbody>\n<\/table>\n","protected":false},"excerpt":{"rendered":"<p>Le <strong data-start=\"2413\" data-end=\"2431\">SMARTPOS SP-P1<\/strong> est un <strong data-start=\"2439\" data-end=\"2476\">PC All-in-One pour point de vente<\/strong>, \u00e9quip\u00e9 d\u2019un <strong data-start=\"2490\" data-end=\"2512\">double \u00e9cran 15,6&Prime;<\/strong>, processeur <strong data-start=\"2525\" data-end=\"2540\">Intel J1900<\/strong>, <strong data-start=\"2542\" data-end=\"2553\">4Go RAM<\/strong>, <strong data-start=\"2555\" data-end=\"2567\">SSD 64Go<\/strong> et <strong data-start=\"2571\" data-end=\"2588\">Wi-Fi int\u00e9gr\u00e9<\/strong>. Compact et performant, il est parfait pour la gestion des caisses et points de vente modernes.<\/p>\n","protected":false},"featured_media":1523,"comment_status":"open","ping_status":"closed","template":"","meta":[],"product_brand":[109],"product_cat":[38,111],"product_tag":[],"class_list":{"0":"post-1412","1":"product","2":"type-product","3":"status-publish","4":"has-post-thumbnail","6":"product_brand-smartpos","7":"product_cat-ordinateurs","8":"product_cat-pos","10":"first","11":"instock","12":"shipping-taxable","13":"purchasable","14":"product-type-simple"},"_links":{"self":[{"href":"https:\/\/aslotech-dz.com\/eshop\/wp-json\/wp\/v2\/product\/1412","targetHints":{"allow":["GET"]}}],"collection":[{"href":"https:\/\/aslotech-dz.com\/eshop\/wp-json\/wp\/v2\/product"}],"about":[{"href":"https:\/\/aslotech-dz.com\/eshop\/wp-json\/wp\/v2\/types\/product"}],"replies":[{"embeddable":true,"href":"https:\/\/aslotech-dz.com\/eshop\/wp-json\/wp\/v2\/comments?post=1412"}],"version-history":[{"count":6,"href":"https:\/\/aslotech-dz.com\/eshop\/wp-json\/wp\/v2\/product\/1412\/revisions"}],"predecessor-version":[{"id":1537,"href":"https:\/\/aslotech-dz.com\/eshop\/wp-json\/wp\/v2\/product\/1412\/revisions\/1537"}],"wp:featuredmedia":[{"embeddable":true,"href":"https:\/\/aslotech-dz.com\/eshop\/wp-json\/wp\/v2\/media\/1523"}],"wp:attachment":[{"href":"https:\/\/aslotech-dz.com\/eshop\/wp-json\/wp\/v2\/media?parent=1412"}],"wp:term":[{"taxonomy":"product_brand","embeddable":true,"href":"https:\/\/aslotech-dz.com\/eshop\/wp-json\/wp\/v2\/product_brand?post=1412"},{"taxonomy":"product_cat","embeddable":true,"href":"https:\/\/aslotech-dz.com\/eshop\/wp-json\/wp\/v2\/product_cat?post=1412"},{"taxonomy":"product_tag","embeddable":true,"href":"https:\/\/aslotech-dz.com\/eshop\/wp-json\/wp\/v2\/product_tag?post=1412"}],"curies":[{"name":"wp","href":"https:\/\/api.w.org\/{rel}","templated":true}]}}