{"id":1713,"date":"2025-10-29T15:34:47","date_gmt":"2025-10-29T15:34:47","guid":{"rendered":"https:\/\/aslotech-dz.com\/eshop\/?post_type=product&#038;p=1713"},"modified":"2025-10-29T15:34:47","modified_gmt":"2025-10-29T15:34:47","slug":"tenda-modem-router-wifi-v12-wireless-ac1200-bi-bande-vdsl-adsl-modem-router-300mbps-on-2-4hz-867mbps-on-5ghz-3x-gigabit-lan-port-1x-wan","status":"publish","type":"product","link":"https:\/\/aslotech-dz.com\/eshop\/produit\/tenda-modem-router-wifi-v12-wireless-ac1200-bi-bande-vdsl-adsl-modem-router-300mbps-on-2-4hz-867mbps-on-5ghz-3x-gigabit-lan-port-1x-wan\/","title":{"rendered":"Tenda Modem Router Wifi V12, Wireless AC1200 Bi-Bande VDSL\/ADSL Modem Router, 300Mbps on 2.4Hz + 867Mbps on 5Ghz, 3x Gigabit LAN Port + 1x WAN"},"content":{"rendered":"<article class=\"text-token-text-primary w-full focus:outline-none [--shadow-height:45px] has-data-writing-block:pointer-events-none has-data-writing-block:-mt-(--shadow-height) has-data-writing-block:pt-(--shadow-height) [&amp;:has([data-writing-block])&gt;*]:pointer-events-auto [content-visibility:auto] supports-[content-visibility:auto]:[contain-intrinsic-size:auto_100lvh] scroll-mt-[calc(var(--header-height)+min(200px,max(70px,20svh)))]\" dir=\"auto\" tabindex=\"-1\" data-turn-id=\"request-WEB:68e342ac-ae02-4de4-b341-019a59421f80-5\" data-testid=\"conversation-turn-12\" data-scroll-anchor=\"true\" data-turn=\"assistant\">\n<div class=\"text-base my-auto mx-auto pb-10 [--thread-content-margin:--spacing(4)] thread-sm:[--thread-content-margin:--spacing(6)] thread-lg:[--thread-content-margin:--spacing(16)] px-(--thread-content-margin)\">\n<div class=\"[--thread-content-max-width:40rem] thread-lg:[--thread-content-max-width:48rem] mx-auto max-w-(--thread-content-max-width) flex-1 group\/turn-messages focus-visible:outline-hidden relative flex w-full min-w-0 flex-col agent-turn\" tabindex=\"-1\">\n<div class=\"flex max-w-full flex-col grow\">\n<div class=\"min-h-8 text-message relative flex w-full flex-col items-end gap-2 text-start break-words whitespace-normal [.text-message+&amp;]:mt-1\" dir=\"auto\" data-message-author-role=\"assistant\" data-message-id=\"1200ee3b-9eb7-4bc3-9b27-24ef3877acb5\" data-message-model-slug=\"gpt-5\">\n<div class=\"flex w-full flex-col gap-1 empty:hidden first:pt-[1px]\">\n<div class=\"streaming-animation markdown prose dark:prose-invert w-full break-words dark markdown-new-styling\">\n<p data-start=\"218\" data-end=\"578\">Le <strong data-start=\"221\" data-end=\"241\">Tenda V12 AC1200<\/strong> est un <strong data-start=\"249\" data-end=\"299\">modem routeur Wi-Fi bi-bande haute performance<\/strong> con\u00e7u pour offrir une <strong data-start=\"322\" data-end=\"370\">connexion Internet rapide, stable et \u00e9tendue<\/strong> \u00e0 tous vos appareils. Compatible avec les lignes <strong data-start=\"420\" data-end=\"464\">VDSL, ADSL, ADSL2+ et fibre via port WAN<\/strong>, il combine puissance, polyvalence et fiabilit\u00e9 pour r\u00e9pondre \u00e0 tous vos besoins domestiques ou professionnels.<\/p>\n<p data-start=\"580\" data-end=\"886\">Dot\u00e9 de la technologie <strong data-start=\"603\" data-end=\"628\">Wireless AC (Wi-Fi 5)<\/strong>, il d\u00e9livre un <strong data-start=\"644\" data-end=\"695\">d\u00e9bit combin\u00e9 total pouvant atteindre 1200 Mbps<\/strong> : jusqu\u2019\u00e0 <strong data-start=\"706\" data-end=\"739\">300 Mbps sur la bande 2.4 GHz<\/strong> pour la navigation quotidienne, et <strong data-start=\"775\" data-end=\"806\">867 Mbps sur la bande 5 GHz<\/strong> pour le streaming 4K, les jeux en ligne ou les transferts de fichiers lourds.<\/p>\n<p data-start=\"888\" data-end=\"1075\">\u00c9quip\u00e9 de <strong data-start=\"898\" data-end=\"930\">4 antennes externes de 5 dBi<\/strong>, le <strong data-start=\"935\" data-end=\"948\">Tenda V12<\/strong> assure une <strong data-start=\"960\" data-end=\"996\">couverture Wi-Fi large et stable<\/strong>, \u00e9liminant les zones mortes et offrant une excellente p\u00e9n\u00e9tration du signal.<\/p>\n<p data-start=\"1077\" data-end=\"1374\">Son processeur performant garantit une <strong data-start=\"1116\" data-end=\"1151\">gestion fluide du trafic r\u00e9seau<\/strong>, m\u00eame lorsque plusieurs appareils sont connect\u00e9s simultan\u00e9ment. Gr\u00e2ce \u00e0 ses <strong data-start=\"1228\" data-end=\"1254\">ports Gigabit Ethernet<\/strong>, il permet des connexions filaires ultra-rapides, id\u00e9ales pour les ordinateurs, les Smart TV ou les consoles de jeux.<\/p>\n<p data-start=\"1376\" data-end=\"1590\">Le <strong data-start=\"1379\" data-end=\"1392\">Tenda V12<\/strong> int\u00e8gre une interface simple et intuitive accessible via l\u2019application <strong data-start=\"1464\" data-end=\"1478\">Tenda WiFi<\/strong>, facilitant la configuration, le contr\u00f4le parental, la gestion de la bande passante et la s\u00e9curit\u00e9 du r\u00e9seau.<\/p>\n<p data-start=\"1592\" data-end=\"1753\">C\u2019est la solution parfaite pour les foyers modernes et les petites entreprises \u00e0 la recherche d\u2019une <strong data-start=\"1692\" data-end=\"1750\">connexion haut d\u00e9bit fiable, intelligente et s\u00e9curis\u00e9e<\/strong>.<\/p>\n<p data-start=\"1592\" data-end=\"1753\"><img loading=\"lazy\" decoding=\"async\" class=\"size-medium wp-image-1714 aligncenter\" src=\"https:\/\/aslotech-dz.com\/eshop\/wp-content\/uploads\/2025\/10\/V12_04-300x168.jpg\" alt=\"\" width=\"300\" height=\"168\" srcset=\"https:\/\/aslotech-dz.com\/eshop\/wp-content\/uploads\/2025\/10\/V12_04-300x168.jpg 300w, https:\/\/aslotech-dz.com\/eshop\/wp-content\/uploads\/2025\/10\/V12_04-150x84.jpg 150w, https:\/\/aslotech-dz.com\/eshop\/wp-content\/uploads\/2025\/10\/V12_04-1200x670.jpg 1200w, https:\/\/aslotech-dz.com\/eshop\/wp-content\/uploads\/2025\/10\/V12_04-1024x572.jpg 1024w, https:\/\/aslotech-dz.com\/eshop\/wp-content\/uploads\/2025\/10\/V12_04-768x429.jpg 768w, https:\/\/aslotech-dz.com\/eshop\/wp-content\/uploads\/2025\/10\/V12_04-1536x858.jpg 1536w, https:\/\/aslotech-dz.com\/eshop\/wp-content\/uploads\/2025\/10\/V12_04.jpg 1920w\" sizes=\"auto, (max-width: 300px) 100vw, 300px\" \/><\/p>\n<\/div>\n<p data-start=\"1592\" data-end=\"1753\">\n<div class=\"streaming-animation markdown prose dark:prose-invert w-full break-words dark markdown-new-styling\">\n<hr data-start=\"1755\" data-end=\"1758\" \/>\n<h2 data-start=\"1760\" data-end=\"1801\"><\/h2>\n<h2 data-start=\"1760\" data-end=\"1801\"><\/h2>\n<h2 style=\"text-align: left;\" data-start=\"1760\" data-end=\"1801\">\ud83d\udcca <strong data-start=\"1766\" data-end=\"1801\">Tableau descriptif du produit :<\/strong><\/h2>\n<div class=\"_tableContainer_1rjym_1\">\n<div class=\"group _tableWrapper_1rjym_13 flex w-fit flex-col-reverse\" tabindex=\"-1\">\n<table class=\"w-fit min-w-(--thread-content-width)\" data-start=\"1803\" data-end=\"2667\" data-is-last-node=\"\" data-is-only-node=\"\">\n<thead data-start=\"1803\" data-end=\"1852\">\n<tr data-start=\"1803\" data-end=\"1852\">\n<th data-start=\"1803\" data-end=\"1838\" data-col-size=\"sm\"><strong data-start=\"1805\" data-end=\"1824\">Caract\u00e9ristique<\/strong><\/th>\n<th data-start=\"1838\" data-end=\"1852\" data-col-size=\"md\"><strong data-start=\"1840\" data-end=\"1850\">D\u00e9tail<\/strong><\/th>\n<\/tr>\n<\/thead>\n<tbody data-start=\"1904\" data-end=\"2667\" data-is-last-node=\"\">\n<tr data-start=\"1904\" data-end=\"1948\">\n<td data-start=\"1904\" data-end=\"1939\" data-col-size=\"sm\"><strong data-start=\"1906\" data-end=\"1916\">Marque<\/strong><\/td>\n<td data-start=\"1939\" data-end=\"1948\" data-col-size=\"md\">Tenda<\/td>\n<\/tr>\n<tr data-start=\"1949\" data-end=\"1998\">\n<td data-start=\"1949\" data-end=\"1984\" data-col-size=\"sm\"><strong data-start=\"1951\" data-end=\"1961\">Mod\u00e8le<\/strong><\/td>\n<td data-start=\"1984\" data-end=\"1998\" data-col-size=\"md\">V12 AC1200<\/td>\n<\/tr>\n<tr data-start=\"1999\" data-end=\"2076\">\n<td data-start=\"1999\" data-end=\"2034\" data-col-size=\"sm\"><strong data-start=\"2001\" data-end=\"2020\">Type de produit<\/strong><\/td>\n<td data-start=\"2034\" data-end=\"2076\" data-col-size=\"md\">Modem Routeur Wi-Fi VDSL\/ADSL Bi-Bande<\/td>\n<\/tr>\n<tr data-start=\"2077\" data-end=\"2137\">\n<td data-start=\"2077\" data-end=\"2112\" data-col-size=\"sm\"><strong data-start=\"2079\" data-end=\"2094\">Norme Wi-Fi<\/strong><\/td>\n<td data-start=\"2112\" data-end=\"2137\" data-col-size=\"md\">IEEE 802.11a\/b\/g\/n\/ac<\/td>\n<\/tr>\n<tr data-start=\"2138\" data-end=\"2189\">\n<td data-start=\"2138\" data-end=\"2173\" data-col-size=\"sm\"><strong data-start=\"2140\" data-end=\"2155\">Technologie<\/strong><\/td>\n<td data-start=\"2173\" data-end=\"2189\" data-col-size=\"md\">Wi-Fi 5 (AC)<\/td>\n<\/tr>\n<tr data-start=\"2190\" data-end=\"2274\">\n<td data-start=\"2190\" data-end=\"2225\" data-col-size=\"sm\"><strong data-start=\"2192\" data-end=\"2215\">D\u00e9bit Wi-Fi maximal<\/strong><\/td>\n<td data-start=\"2225\" data-end=\"2274\" data-col-size=\"md\">1200 Mbps (300 Mbps @2.4GHz + 867 Mbps @5GHz)<\/td>\n<\/tr>\n<tr data-start=\"2275\" data-end=\"2341\">\n<td data-start=\"2275\" data-end=\"2310\" data-col-size=\"sm\"><strong data-start=\"2277\" data-end=\"2300\">Bandes de fr\u00e9quence<\/strong><\/td>\n<td data-col-size=\"md\" data-start=\"2310\" data-end=\"2341\">2.4 GHz + 5 GHz (Dual-Band)<\/td>\n<\/tr>\n<tr data-start=\"2342\" data-end=\"2400\">\n<td data-start=\"2342\" data-end=\"2377\" data-col-size=\"sm\"><strong data-start=\"2344\" data-end=\"2357\">Ports LAN<\/strong><\/td>\n<td data-col-size=\"md\" data-start=\"2377\" data-end=\"2400\">3 ports Gigabit LAN<\/td>\n<\/tr>\n<tr data-start=\"2401\" data-end=\"2464\">\n<td data-start=\"2401\" data-end=\"2436\" data-col-size=\"sm\"><strong data-start=\"2403\" data-end=\"2421\">Port WAN \/ DSL<\/strong><\/td>\n<td data-col-size=\"md\" data-start=\"2436\" data-end=\"2464\">1 port Gigabit WAN \/ DSL<\/td>\n<\/tr>\n<tr data-start=\"2465\" data-end=\"2542\">\n<td data-start=\"2465\" data-end=\"2500\" data-col-size=\"sm\"><strong data-start=\"2467\" data-end=\"2493\">Compatibilit\u00e9 Internet<\/strong><\/td>\n<td data-col-size=\"md\" data-start=\"2500\" data-end=\"2542\">VDSL \/ ADSL \/ ADSL2+ \/ Fibre (via WAN)<\/td>\n<\/tr>\n<tr data-start=\"2543\" data-end=\"2607\">\n<td data-start=\"2543\" data-end=\"2578\" data-col-size=\"sm\"><strong data-start=\"2545\" data-end=\"2557\">Antennes<\/strong><\/td>\n<td data-col-size=\"md\" data-start=\"2578\" data-end=\"2607\">4 antennes externes 5 dBi<\/td>\n<\/tr>\n<tr data-start=\"2608\" data-end=\"2667\" data-is-last-node=\"\">\n<td data-start=\"2608\" data-end=\"2643\" data-col-size=\"sm\"><strong data-start=\"2610\" data-end=\"2624\">Processeur<\/strong><\/td>\n<td data-col-size=\"md\" data-start=\"2643\" data-end=\"2667\" data-is-last-node=\"\">Chipset haute performa<\/td>\n<\/tr>\n<\/tbody>\n<\/table>\n<\/div>\n<\/div>\n<\/div>\n<\/div>\n<\/div>\n<\/div>\n<\/div>\n<\/div>\n<\/article>\n<div class=\"pointer-events-none h-px w-px\" aria-hidden=\"true\" data-edge=\"true\"><\/div>\n","protected":false},"excerpt":{"rendered":"<p>Le Tenda V12 AC1200 est un modem routeur bi-bande compatible VDSL\/ADSL\/Fibre, offrant jusqu\u2019\u00e0 1200 Mbps de vitesse. Avec ses 4 antennes 5dBi, ses ports Gigabit et sa gestion intelligente via l\u2019app Tenda WiFi, il garantit une connexion stable, rapide et s\u00e9curis\u00e9e dans toute la maison.<\/p>\n","protected":false},"featured_media":1715,"comment_status":"open","ping_status":"closed","template":"","meta":[],"product_brand":[174],"product_cat":[178],"product_tag":[189],"class_list":{"0":"post-1713","1":"product","2":"type-product","3":"status-publish","4":"has-post-thumbnail","6":"product_brand-tenda","7":"product_cat-routeur-wifi","8":"product_tag-tenda-tendav12-modemrouteur-wifiac1200-dualband-wifi5-routeuradsl-routeurvdsl-wifirapide","10":"first","11":"instock","12":"shipping-taxable","13":"purchasable","14":"product-type-simple"},"_links":{"self":[{"href":"https:\/\/aslotech-dz.com\/eshop\/wp-json\/wp\/v2\/product\/1713","targetHints":{"allow":["GET"]}}],"collection":[{"href":"https:\/\/aslotech-dz.com\/eshop\/wp-json\/wp\/v2\/product"}],"about":[{"href":"https:\/\/aslotech-dz.com\/eshop\/wp-json\/wp\/v2\/types\/product"}],"replies":[{"embeddable":true,"href":"https:\/\/aslotech-dz.com\/eshop\/wp-json\/wp\/v2\/comments?post=1713"}],"version-history":[{"count":2,"href":"https:\/\/aslotech-dz.com\/eshop\/wp-json\/wp\/v2\/product\/1713\/revisions"}],"predecessor-version":[{"id":1717,"href":"https:\/\/aslotech-dz.com\/eshop\/wp-json\/wp\/v2\/product\/1713\/revisions\/1717"}],"wp:featuredmedia":[{"embeddable":true,"href":"https:\/\/aslotech-dz.com\/eshop\/wp-json\/wp\/v2\/media\/1715"}],"wp:attachment":[{"href":"https:\/\/aslotech-dz.com\/eshop\/wp-json\/wp\/v2\/media?parent=1713"}],"wp:term":[{"taxonomy":"product_brand","embeddable":true,"href":"https:\/\/aslotech-dz.com\/eshop\/wp-json\/wp\/v2\/product_brand?post=1713"},{"taxonomy":"product_cat","embeddable":true,"href":"https:\/\/aslotech-dz.com\/eshop\/wp-json\/wp\/v2\/product_cat?post=1713"},{"taxonomy":"product_tag","embeddable":true,"href":"https:\/\/aslotech-dz.com\/eshop\/wp-json\/wp\/v2\/product_tag?post=1713"}],"curies":[{"name":"wp","href":"https:\/\/api.w.org\/{rel}","templated":true}]}}