{"id":1801,"date":"2025-11-02T09:01:08","date_gmt":"2025-11-02T09:01:08","guid":{"rendered":"https:\/\/aslotech-dz.com\/eshop\/?post_type=product&#038;p=1801"},"modified":"2025-11-02T09:01:08","modified_gmt":"2025-11-02T09:01:08","slug":"vtnc-3000-a-a-2-wire-ip-controller","status":"publish","type":"product","link":"https:\/\/aslotech-dz.com\/eshop\/produit\/vtnc-3000-a-a-2-wire-ip-controller\/","title":{"rendered":"VTNC 3000 A A &#8211; 2 Wire IP Controller"},"content":{"rendered":"<p>Le VTNC3000A est un contr\u00f4leur r\u00e9seau sp\u00e9cialement con\u00e7u pour les syst\u00e8mes interphonie hybride \u00ab 2-fils \/ IP \u00bb. Il agit comme un point central de distribution de signal et d\u2019alimentation pour plusieurs appareils utilisant un c\u00e2blage 2-fils tout en se connectant au r\u00e9seau IP via un port RJ-45. Ce module permet de simplifier l\u2019installation dans les b\u00e2timents ou r\u00e9sidences o\u00f9 l\u2019on souhaite moderniser un ancien syst\u00e8me c\u00e2bl\u00e9 sans remplacer enti\u00e8rement le c\u00e2blage existant : gr\u00e2ce \u00e0 ses quatre groupes de ports 2-fils, il peut alimenter et transmettre la communication vers plusieurs moniteurs int\u00e9rieurs ou platines ext\u00e9rieures. Il est compatible avec montage mural ou sur rail DIN pour coffret \u00e9lectrique. Id\u00e9al pour des installations multi-appartements ou villas disposant d\u00e9j\u00e0 d\u2019un c\u00e2blage minimal, il permet une installation rapide tout en restant \u00e9volutif.<\/p>\n<p>&nbsp;<\/p>\n<table>\n<thead>\n<tr>\n<th>Caract\u00e9ristique<\/th>\n<th>D\u00e9tail<\/th>\n<\/tr>\n<\/thead>\n<tbody>\n<tr>\n<td>Mod\u00e8le<\/td>\n<td>VTNC3000A<\/td>\n<\/tr>\n<tr>\n<td>Marque<\/td>\n<td>Dahua<\/td>\n<\/tr>\n<tr>\n<td>Type<\/td>\n<td>Contr\u00f4leur r\u00e9seau \u00ab 2-fils \/ IP \u00bb pour interphonie vid\u00e9o<\/td>\n<\/tr>\n<tr>\n<td>Nombre de ports 2-fils<\/td>\n<td>4 groupes de ports 2-fils (signal + alimentation)<\/td>\n<\/tr>\n<tr>\n<td>Port r\u00e9seau<\/td>\n<td>1 \u00d7 RJ-45 Ethernet (10\/100 Mb\/s)<\/td>\n<\/tr>\n<tr>\n<td>Alimentation<\/td>\n<td>24 V DC typique<\/td>\n<\/tr>\n<tr>\n<td>Consommation maximale<\/td>\n<td>\u2248 30 W (avec 4 canaux charg\u00e9s \u00e0 pleine capacit\u00e9)<\/td>\n<\/tr>\n<tr>\n<td>Temp\u00e9rature de fonctionnement<\/td>\n<td>\u201310 \u00b0C \u00e0 +55 \u00b0C<\/td>\n<\/tr>\n<tr>\n<td>Dimensions<\/td>\n<td>Approx. 108 mm \u00d7 108 mm \u00d7 64 mm (L \u00d7 W \u00d7 T)<\/td>\n<\/tr>\n<tr>\n<td>Poids<\/td>\n<td>Approximativement 0,5 kg<\/td>\n<\/tr>\n<tr>\n<td>Montage<\/td>\n<td>Surface murale ou rail DIN<\/td>\n<\/tr>\n<tr>\n<td>Usage recommand\u00e9<\/td>\n<td>B\u00e2timents, immeubles, villas, installations d\u2019interphonie 2-fils + IP<\/td>\n<\/tr>\n<\/tbody>\n<\/table>\n","protected":false},"excerpt":{"rendered":"<p data-start=\"2732\" data-end=\"2935\">Contr\u00f4leur r\u00e9seau Dahua VTNC3000A pour syst\u00e8me interphonie hybride 2-fils\/IP : 4 groupes de ports 2-fils, port RJ-45, alimentation 24 V, montage mur\/rail \u2014 distribution signal et alimentation simplifi\u00e9e.<\/p>\n","protected":false},"featured_media":1802,"comment_status":"open","ping_status":"closed","template":"","meta":[],"product_brand":[90],"product_cat":[108],"product_tag":[224],"class_list":{"0":"post-1801","1":"product","2":"type-product","3":"status-publish","4":"has-post-thumbnail","6":"product_brand-dahua","7":"product_cat-visiophones-interphones","8":"product_tag-dahua-vtnc3000a-2filsip-interphonie-controlereseau-videodoorphone-installationpro-systeme2wire-controleurinterphone","10":"first","11":"instock","12":"shipping-taxable","13":"purchasable","14":"product-type-simple"},"_links":{"self":[{"href":"https:\/\/aslotech-dz.com\/eshop\/wp-json\/wp\/v2\/product\/1801","targetHints":{"allow":["GET"]}}],"collection":[{"href":"https:\/\/aslotech-dz.com\/eshop\/wp-json\/wp\/v2\/product"}],"about":[{"href":"https:\/\/aslotech-dz.com\/eshop\/wp-json\/wp\/v2\/types\/product"}],"replies":[{"embeddable":true,"href":"https:\/\/aslotech-dz.com\/eshop\/wp-json\/wp\/v2\/comments?post=1801"}],"version-history":[{"count":1,"href":"https:\/\/aslotech-dz.com\/eshop\/wp-json\/wp\/v2\/product\/1801\/revisions"}],"predecessor-version":[{"id":1803,"href":"https:\/\/aslotech-dz.com\/eshop\/wp-json\/wp\/v2\/product\/1801\/revisions\/1803"}],"wp:featuredmedia":[{"embeddable":true,"href":"https:\/\/aslotech-dz.com\/eshop\/wp-json\/wp\/v2\/media\/1802"}],"wp:attachment":[{"href":"https:\/\/aslotech-dz.com\/eshop\/wp-json\/wp\/v2\/media?parent=1801"}],"wp:term":[{"taxonomy":"product_brand","embeddable":true,"href":"https:\/\/aslotech-dz.com\/eshop\/wp-json\/wp\/v2\/product_brand?post=1801"},{"taxonomy":"product_cat","embeddable":true,"href":"https:\/\/aslotech-dz.com\/eshop\/wp-json\/wp\/v2\/product_cat?post=1801"},{"taxonomy":"product_tag","embeddable":true,"href":"https:\/\/aslotech-dz.com\/eshop\/wp-json\/wp\/v2\/product_tag?post=1801"}],"curies":[{"name":"wp","href":"https:\/\/api.w.org\/{rel}","templated":true}]}}