{"id":1931,"date":"2025-11-02T20:19:36","date_gmt":"2025-11-02T20:19:36","guid":{"rendered":"https:\/\/aslotech-dz.com\/eshop\/?post_type=product&#038;p=1931"},"modified":"2025-11-02T20:19:36","modified_gmt":"2025-11-02T20:19:36","slug":"ruban-resine-inkanto-110m-x-300m","status":"publish","type":"product","link":"https:\/\/aslotech-dz.com\/eshop\/produit\/ruban-resine-inkanto-110m-x-300m\/","title":{"rendered":"Ruban RESINE INKANTO 110m x 300m"},"content":{"rendered":"<p data-start=\"238\" data-end=\"505\">Le <strong data-start=\"241\" data-end=\"279\">Ruban R\u00e9sine Inkanto 110 mm x 300 m<\/strong> est un <strong data-start=\"287\" data-end=\"336\">ruban transfert thermique hautes performances<\/strong>, sp\u00e9cialement con\u00e7u pour les <strong data-start=\"366\" data-end=\"393\">applications exigeantes<\/strong> n\u00e9cessitant une <strong data-start=\"410\" data-end=\"432\">r\u00e9sistance extr\u00eame<\/strong> \u00e0 la chaleur, aux frottements, \u00e0 l\u2019humidit\u00e9 et aux produits chimiques.<\/p>\n<p data-start=\"507\" data-end=\"978\">Gr\u00e2ce \u00e0 sa <strong data-start=\"518\" data-end=\"546\">formulation 100 % r\u00e9sine<\/strong>, il garantit une <strong data-start=\"564\" data-end=\"607\">impression d\u2019une nettet\u00e9 exceptionnelle<\/strong> sur une large gamme de <strong data-start=\"631\" data-end=\"656\">supports synth\u00e9tiques<\/strong> tels que le polyester (PET), le polypropyl\u00e8ne (PP), le poly\u00e9thyl\u00e8ne (PE), le PVC ou encore les films m\u00e9tallis\u00e9s.<br data-start=\"769\" data-end=\"772\" \/>L\u2019encre \u00e0 base de r\u00e9sine offre un <strong data-start=\"806\" data-end=\"822\">noir intense<\/strong>, une <strong data-start=\"828\" data-end=\"847\">forte adh\u00e9rence<\/strong> et une <strong data-start=\"855\" data-end=\"884\">durabilit\u00e9 exceptionnelle<\/strong>, id\u00e9ale pour les environnements industriels, pharmaceutiques, logistiques et de production.<\/p>\n<p data-start=\"980\" data-end=\"1279\">Avec une <strong data-start=\"989\" data-end=\"1010\">largeur de 110 mm<\/strong> et une <strong data-start=\"1018\" data-end=\"1044\">longueur de 300 m\u00e8tres<\/strong>, le ruban Inkato offre une <strong data-start=\"1072\" data-end=\"1095\">productivit\u00e9 \u00e9lev\u00e9e<\/strong> tout en r\u00e9duisant la fr\u00e9quence de remplacement. Il est compatible avec la plupart des <strong data-start=\"1182\" data-end=\"1231\">imprimantes transfert thermique industrielles<\/strong> (Zebra, TSC, Datamax, Sato, Godex, Bixolon\u2026).<\/p>\n<p data-start=\"1281\" data-end=\"1502\">Fiable, pr\u00e9cis et r\u00e9sistant, le <strong data-start=\"1313\" data-end=\"1336\">Ruban R\u00e9sine Inkato<\/strong> est le choix privil\u00e9gi\u00e9 pour les impressions permanentes et professionnelles de <strong data-start=\"1417\" data-end=\"1501\">codes-barres, \u00e9tiquettes produits, plaques signal\u00e9tiques ou marquages techniques<\/strong>.<\/p>\n<p data-start=\"1281\" data-end=\"1502\">\n<table>\n<thead>\n<tr>\n<th><strong>Caract\u00e9ristiques<\/strong><\/th>\n<th><strong>D\u00e9tails<\/strong><\/th>\n<\/tr>\n<\/thead>\n<tbody>\n<tr>\n<td>Type de produit<\/td>\n<td>Ruban transfert thermique<\/td>\n<\/tr>\n<tr>\n<td>Technologie d\u2019impression<\/td>\n<td>R\u00e9sine (Resin)<\/td>\n<\/tr>\n<tr>\n<td>Marque<\/td>\n<td>Inkato<\/td>\n<\/tr>\n<tr>\n<td>Dimensions du ruban<\/td>\n<td>110 mm \u00d7 300 m<\/td>\n<\/tr>\n<tr>\n<td>Couleur d\u2019impression<\/td>\n<td>Noir<\/td>\n<\/tr>\n<tr>\n<td>Type d\u2019enroulement<\/td>\n<td>Int\u00e9rieur (IN) ou ext\u00e9rieur (OUT) selon imprimante<\/td>\n<\/tr>\n<tr>\n<td>Diam\u00e8tre du mandrin<\/td>\n<td>1 pouce (25,4 mm)<\/td>\n<\/tr>\n<tr>\n<td>Support compatible<\/td>\n<td>\u00c9tiquettes synth\u00e9tiques : PP, PE, PET, PVC, film m\u00e9tallis\u00e9<\/td>\n<\/tr>\n<tr>\n<td>Qualit\u00e9 d\u2019impression<\/td>\n<td>Haute d\u00e9finition (codes-barres, texte fin, logos)<\/td>\n<\/tr>\n<tr>\n<td>R\u00e9sistance<\/td>\n<td>Excellente contre abrasion, chaleur, humidit\u00e9, produits chimiques<\/td>\n<\/tr>\n<tr>\n<td>Temp\u00e9rature d\u2019impression<\/td>\n<td>\u00c9lev\u00e9e (80 \u00b0C \u00e0 150 \u00b0C)<\/td>\n<\/tr>\n<tr>\n<td>Compatibilit\u00e9<\/td>\n<td>Zebra, TSC, Bixolon, Godex, Datamax, Sato, etc.<\/td>\n<\/tr>\n<tr>\n<td>Application principale<\/td>\n<td>Industrie, chimie, logistique, \u00e9lectronique, pharmacie<\/td>\n<\/tr>\n<tr>\n<td>Finition<\/td>\n<td>Brillante \u2013 noir profond<\/td>\n<\/tr>\n<tr>\n<td>Durabilit\u00e9 de l\u2019impression<\/td>\n<td>Tr\u00e8s longue dur\u00e9e<\/td>\n<\/tr>\n<\/tbody>\n<\/table>\n","protected":false},"excerpt":{"rendered":"<p><strong data-start=\"2765\" data-end=\"2800\">Ruban R\u00e9sine Inkato 110 \u00d7 300 m<\/strong> \u2013 Ruban transfert thermique premium pour impressions ultra r\u00e9sistantes.<br data-start=\"2872\" data-end=\"2875\" \/>Id\u00e9al pour supports synth\u00e9tiques, offrant une durabilit\u00e9 maximale face \u00e0 la chaleur, l\u2019humidit\u00e9 et les produits chimiques.<\/p>\n","protected":false},"featured_media":1932,"comment_status":"open","ping_status":"closed","template":"","meta":[],"product_brand":[271],"product_cat":[267],"product_tag":[272],"class_list":{"0":"post-1931","1":"product","2":"type-product","3":"status-publish","4":"has-post-thumbnail","6":"product_brand-inkanto","7":"product_cat-ruban-transfer","8":"product_tag-rubanresine-inkato-rubaninkato-rubanthermique-rubantransfertthermique-resinribbon-ruban110x300-rubannoir-impressionindustrielle-codebarres","10":"first","11":"instock","12":"shipping-taxable","13":"purchasable","14":"product-type-simple"},"_links":{"self":[{"href":"https:\/\/aslotech-dz.com\/eshop\/wp-json\/wp\/v2\/product\/1931","targetHints":{"allow":["GET"]}}],"collection":[{"href":"https:\/\/aslotech-dz.com\/eshop\/wp-json\/wp\/v2\/product"}],"about":[{"href":"https:\/\/aslotech-dz.com\/eshop\/wp-json\/wp\/v2\/types\/product"}],"replies":[{"embeddable":true,"href":"https:\/\/aslotech-dz.com\/eshop\/wp-json\/wp\/v2\/comments?post=1931"}],"version-history":[{"count":1,"href":"https:\/\/aslotech-dz.com\/eshop\/wp-json\/wp\/v2\/product\/1931\/revisions"}],"predecessor-version":[{"id":1934,"href":"https:\/\/aslotech-dz.com\/eshop\/wp-json\/wp\/v2\/product\/1931\/revisions\/1934"}],"wp:featuredmedia":[{"embeddable":true,"href":"https:\/\/aslotech-dz.com\/eshop\/wp-json\/wp\/v2\/media\/1932"}],"wp:attachment":[{"href":"https:\/\/aslotech-dz.com\/eshop\/wp-json\/wp\/v2\/media?parent=1931"}],"wp:term":[{"taxonomy":"product_brand","embeddable":true,"href":"https:\/\/aslotech-dz.com\/eshop\/wp-json\/wp\/v2\/product_brand?post=1931"},{"taxonomy":"product_cat","embeddable":true,"href":"https:\/\/aslotech-dz.com\/eshop\/wp-json\/wp\/v2\/product_cat?post=1931"},{"taxonomy":"product_tag","embeddable":true,"href":"https:\/\/aslotech-dz.com\/eshop\/wp-json\/wp\/v2\/product_tag?post=1931"}],"curies":[{"name":"wp","href":"https:\/\/api.w.org\/{rel}","templated":true}]}}