{"id":2231,"date":"2025-11-05T21:10:23","date_gmt":"2025-11-05T21:10:23","guid":{"rendered":"https:\/\/aslotech-dz.com\/eshop\/?post_type=product&#038;p=2231"},"modified":"2025-11-05T21:10:24","modified_gmt":"2025-11-05T21:10:24","slug":"serrue-a-piston-electrique-porte-en-verre-yb-500uled","status":"publish","type":"product","link":"https:\/\/aslotech-dz.com\/eshop\/produit\/serrue-a-piston-electrique-porte-en-verre-yb-500uled\/","title":{"rendered":"Serrue a Piston Electrique Porte en verre YB-500U(LED)"},"content":{"rendered":"<p data-start=\"142\" data-end=\"436\">La <strong data-start=\"145\" data-end=\"162\">YB-500U (LED)<\/strong> est une <strong data-start=\"171\" data-end=\"209\">serrure \u00e9lectromagn\u00e9tique \u00e0 piston<\/strong> sp\u00e9cialement con\u00e7ue pour les <strong data-start=\"239\" data-end=\"258\">portes en verre<\/strong> sans cadre (porte vitr\u00e9e d\u2019entr\u00e9e, porte de bureau, showroom, etc.).<br data-start=\"327\" data-end=\"330\" \/>Elle offre une <strong data-start=\"345\" data-end=\"368\">s\u00e9curisation fiable<\/strong>, un <strong data-start=\"373\" data-end=\"400\">verrouillage silencieux<\/strong> et une <strong data-start=\"408\" data-end=\"428\">ouverture rapide<\/strong> via :<\/p>\n<ul data-start=\"437\" data-end=\"551\">\n<li data-start=\"437\" data-end=\"461\">\n<p data-start=\"439\" data-end=\"461\"><strong data-start=\"439\" data-end=\"459\">Contr\u00f4le d\u2019acc\u00e8s<\/strong><\/p>\n<\/li>\n<li data-start=\"462\" data-end=\"493\">\n<p data-start=\"464\" data-end=\"493\"><strong data-start=\"464\" data-end=\"491\">Interphone \/ visiophone<\/strong><\/p>\n<\/li>\n<li data-start=\"494\" data-end=\"529\">\n<p data-start=\"496\" data-end=\"529\"><strong data-start=\"496\" data-end=\"527\">Badge \/ Clavier \/ Empreinte<\/strong><\/p>\n<\/li>\n<li data-start=\"530\" data-end=\"551\">\n<p data-start=\"532\" data-end=\"551\"><strong data-start=\"532\" data-end=\"551\">Bouton poussoir<\/strong><\/p>\n<\/li>\n<\/ul>\n<p data-start=\"553\" data-end=\"744\">Son <strong data-start=\"557\" data-end=\"585\">piston en m\u00e9tal renforc\u00e9<\/strong> garantit une <strong data-start=\"599\" data-end=\"622\">longue dur\u00e9e de vie<\/strong> et une <strong data-start=\"630\" data-end=\"667\">r\u00e9sistance anti-effraction \u00e9lev\u00e9e<\/strong>.<br data-start=\"668\" data-end=\"671\" \/>La <strong data-start=\"674\" data-end=\"690\">LED int\u00e9gr\u00e9e<\/strong> permet d\u2019indiquer clairement l\u2019\u00e9tat de la serrure :<\/p>\n<ul data-start=\"745\" data-end=\"811\">\n<li data-start=\"745\" data-end=\"778\">\n<p data-start=\"747\" data-end=\"778\"><strong data-start=\"747\" data-end=\"756\">Rouge<\/strong> : Porte verrouill\u00e9e<\/p>\n<\/li>\n<li data-start=\"779\" data-end=\"811\">\n<p data-start=\"781\" data-end=\"811\"><strong data-start=\"781\" data-end=\"789\">Vert<\/strong> : Porte d\u00e9verrouill\u00e9e<\/p>\n<\/li>\n<\/ul>\n<p data-start=\"813\" data-end=\"965\">Gr\u00e2ce \u00e0 son design <strong data-start=\"832\" data-end=\"854\">discret et \u00e9l\u00e9gant<\/strong>, elle s\u2019int\u00e8gre parfaitement dans les bureaux modernes, locaux commerciaux, banques, cliniques et entreprises.<\/p>\n<p data-start=\"813\" data-end=\"965\">\n<table>\n<thead>\n<tr>\n<th><strong>Caract\u00e9ristiques<\/strong><\/th>\n<th><strong>D\u00e9tails Techniques<\/strong><\/th>\n<\/tr>\n<\/thead>\n<tbody>\n<tr>\n<td><strong>Mod\u00e8le<\/strong><\/td>\n<td>YB-500U (LED)<\/td>\n<\/tr>\n<tr>\n<td><strong>Type<\/strong><\/td>\n<td>Serrure \u00e9lectrique \u00e0 piston \/ pour porte en verre<\/td>\n<\/tr>\n<tr>\n<td><strong>Compatibilit\u00e9 porte<\/strong><\/td>\n<td>Porte en verre 8 \u00e0 12 mm (sans cadre)<\/td>\n<\/tr>\n<tr>\n<td><strong>Mode Fonctionnement<\/strong><\/td>\n<td>Fail Secure (reste verrouill\u00e9e sans courant)<\/td>\n<\/tr>\n<tr>\n<td><strong>Indicateur LED<\/strong><\/td>\n<td>Oui \u2013 \u00e9tat verrouill\u00e9\/d\u00e9verrouill\u00e9<\/td>\n<\/tr>\n<tr>\n<td><strong>Force de maintien<\/strong><\/td>\n<td>\u2248 1000 kg (tr\u00e8s haute r\u00e9sistance)<\/td>\n<\/tr>\n<tr>\n<td><strong>Tension d\u2019alimentation<\/strong><\/td>\n<td>12V DC \/ 500mA<\/td>\n<\/tr>\n<tr>\n<td><strong>Ouverture<\/strong><\/td>\n<td>Contr\u00f4le d\u2019acc\u00e8s \/ Bouton poussoir \/ Interphone \/ Digicode<\/td>\n<\/tr>\n<tr>\n<td><strong>Mati\u00e8re du corps<\/strong><\/td>\n<td>M\u00e9tal renforc\u00e9 + finition inox<\/td>\n<\/tr>\n<tr>\n<td><strong>Installation<\/strong><\/td>\n<td>Montage en applique \u2013 Facile &amp; propre<\/td>\n<\/tr>\n<tr>\n<td><strong>Utilisation<\/strong><\/td>\n<td>Entr\u00e9es d\u2019entreprise, bureaux, commerces, banques, halls<\/td>\n<\/tr>\n<\/tbody>\n<\/table>\n","protected":false},"excerpt":{"rendered":"<p>Serrure intelligente <strong data-start=\"2285\" data-end=\"2302\">YB-500U (LED)<\/strong> pour <strong data-start=\"2308\" data-end=\"2326\">porte en verre<\/strong>, avec piston renforc\u00e9, <strong data-start=\"2350\" data-end=\"2364\">signal LED<\/strong> et <strong data-start=\"2368\" data-end=\"2399\">compatible contr\u00f4le d\u2019acc\u00e8s<\/strong>. S\u00e9curit\u00e9 \u00e9lev\u00e9e et installation \u00e9l\u00e9gante.<\/p>\n","protected":false},"featured_media":2232,"comment_status":"open","ping_status":"closed","template":"","meta":[],"product_brand":[],"product_cat":[448,447],"product_tag":[452],"class_list":{"0":"post-2231","1":"product","2":"type-product","3":"status-publish","4":"has-post-thumbnail","6":"product_cat-serrures","7":"product_cat-controle-dacces","8":"product_tag-yb500u-serrureporteverre-controledacces-serrureelectrique-securitebureau-portevitree-accesscontrol-interphone-pistonelectrique","10":"first","11":"instock","12":"shipping-taxable","13":"purchasable","14":"product-type-simple"},"_links":{"self":[{"href":"https:\/\/aslotech-dz.com\/eshop\/wp-json\/wp\/v2\/product\/2231","targetHints":{"allow":["GET"]}}],"collection":[{"href":"https:\/\/aslotech-dz.com\/eshop\/wp-json\/wp\/v2\/product"}],"about":[{"href":"https:\/\/aslotech-dz.com\/eshop\/wp-json\/wp\/v2\/types\/product"}],"replies":[{"embeddable":true,"href":"https:\/\/aslotech-dz.com\/eshop\/wp-json\/wp\/v2\/comments?post=2231"}],"version-history":[{"count":2,"href":"https:\/\/aslotech-dz.com\/eshop\/wp-json\/wp\/v2\/product\/2231\/revisions"}],"predecessor-version":[{"id":2234,"href":"https:\/\/aslotech-dz.com\/eshop\/wp-json\/wp\/v2\/product\/2231\/revisions\/2234"}],"wp:featuredmedia":[{"embeddable":true,"href":"https:\/\/aslotech-dz.com\/eshop\/wp-json\/wp\/v2\/media\/2232"}],"wp:attachment":[{"href":"https:\/\/aslotech-dz.com\/eshop\/wp-json\/wp\/v2\/media?parent=2231"}],"wp:term":[{"taxonomy":"product_brand","embeddable":true,"href":"https:\/\/aslotech-dz.com\/eshop\/wp-json\/wp\/v2\/product_brand?post=2231"},{"taxonomy":"product_cat","embeddable":true,"href":"https:\/\/aslotech-dz.com\/eshop\/wp-json\/wp\/v2\/product_cat?post=2231"},{"taxonomy":"product_tag","embeddable":true,"href":"https:\/\/aslotech-dz.com\/eshop\/wp-json\/wp\/v2\/product_tag?post=2231"}],"curies":[{"name":"wp","href":"https:\/\/api.w.org\/{rel}","templated":true}]}}