{"id":2333,"date":"2025-11-07T13:56:53","date_gmt":"2025-11-07T13:56:53","guid":{"rendered":"https:\/\/aslotech-dz.com\/eshop\/?post_type=product&#038;p=2333"},"modified":"2025-11-07T13:56:53","modified_gmt":"2025-11-07T13:56:53","slug":"cable-reseau-capsys-05-metre-cat6-blanc","status":"publish","type":"product","link":"https:\/\/aslotech-dz.com\/eshop\/produit\/cable-reseau-capsys-05-metre-cat6-blanc\/","title":{"rendered":"CABLE RESEAU CAPSYS 05 METRE CAT6 BLANC"},"content":{"rendered":"<p data-start=\"96\" data-end=\"383\">Le <strong data-start=\"99\" data-end=\"127\">C\u00e2ble R\u00e9seau CAPSYS Cat6<\/strong> de <strong data-start=\"131\" data-end=\"143\">5 m\u00e8tres<\/strong> est con\u00e7u pour assurer une connexion r\u00e9seau rapide, stable et fiable. Gr\u00e2ce \u00e0 sa cat\u00e9gorie <strong data-start=\"235\" data-end=\"243\">Cat6<\/strong>, il supporte des d\u00e9bits \u00e9lev\u00e9s, id\u00e9al pour les <strong data-start=\"291\" data-end=\"382\">r\u00e9seaux domestiques, professionnels, serveurs, routeurs, cam\u00e9ras IP, d\u00e9codeurs TV et PC<\/strong>.<\/p>\n<p data-start=\"385\" data-end=\"634\">Fabriqu\u00e9 avec des conducteurs en cuivre de haute qualit\u00e9 et une isolation renforc\u00e9e, il garantit une transmission de donn\u00e9es fluide avec une <strong data-start=\"526\" data-end=\"557\">r\u00e9duction des interf\u00e9rences<\/strong>. Sa couleur <strong data-start=\"570\" data-end=\"581\">blanche<\/strong> s\u2019int\u00e8gre discr\u00e8tement dans tous les environnements.<\/p>\n<p data-start=\"385\" data-end=\"634\">\n<table>\n<thead>\n<tr>\n<th><strong>Caract\u00e9ristique<\/strong><\/th>\n<th><strong>D\u00e9tail<\/strong><\/th>\n<\/tr>\n<\/thead>\n<tbody>\n<tr>\n<td>Marque<\/td>\n<td>CAPSYS<\/td>\n<\/tr>\n<tr>\n<td>Longueur<\/td>\n<td>5 m\u00e8tres<\/td>\n<\/tr>\n<tr>\n<td>Cat\u00e9gorie<\/td>\n<td>Cat 6<\/td>\n<\/tr>\n<tr>\n<td>Type<\/td>\n<td>Patch RJ45<\/td>\n<\/tr>\n<tr>\n<td>Couleur<\/td>\n<td>Blanc<\/td>\n<\/tr>\n<tr>\n<td>Conducteur<\/td>\n<td>Cuivre haute qualit\u00e9<\/td>\n<\/tr>\n<tr>\n<td>D\u00e9bit support\u00e9<\/td>\n<td>Jusqu\u2019\u00e0 1 Gbps<\/td>\n<\/tr>\n<tr>\n<td>Utilisation<\/td>\n<td>R\u00e9seau, cam\u00e9ra IP, PC, routeur, switch, modem<\/td>\n<\/tr>\n<tr>\n<td>Blindage<\/td>\n<td>Anti-interf\u00e9rences<\/td>\n<\/tr>\n<\/tbody>\n<\/table>\n","protected":false},"excerpt":{"rendered":"<p data-start=\"1059\" data-end=\"1155\">C\u00e2ble R\u00e9seau <strong data-start=\"1072\" data-end=\"1096\">CAPSYS Cat6 5m Blanc<\/strong>, transmission stable et rapide pour r\u00e9seaux et cam\u00e9ras IP.<\/p>\n","protected":false},"featured_media":2334,"comment_status":"open","ping_status":"closed","template":"","meta":[],"product_brand":[491],"product_cat":[490],"product_tag":[492],"class_list":{"0":"post-2333","1":"product","2":"type-product","3":"status-publish","4":"has-post-thumbnail","6":"product_brand-capsys","7":"product_cat-cable-reseau","8":"product_tag-capsys-cablereseau-cat6-rj45-internet-ethernet-cameraip-informatique-reseau","10":"first","11":"instock","12":"shipping-taxable","13":"purchasable","14":"product-type-simple"},"_links":{"self":[{"href":"https:\/\/aslotech-dz.com\/eshop\/wp-json\/wp\/v2\/product\/2333","targetHints":{"allow":["GET"]}}],"collection":[{"href":"https:\/\/aslotech-dz.com\/eshop\/wp-json\/wp\/v2\/product"}],"about":[{"href":"https:\/\/aslotech-dz.com\/eshop\/wp-json\/wp\/v2\/types\/product"}],"replies":[{"embeddable":true,"href":"https:\/\/aslotech-dz.com\/eshop\/wp-json\/wp\/v2\/comments?post=2333"}],"version-history":[{"count":1,"href":"https:\/\/aslotech-dz.com\/eshop\/wp-json\/wp\/v2\/product\/2333\/revisions"}],"predecessor-version":[{"id":2336,"href":"https:\/\/aslotech-dz.com\/eshop\/wp-json\/wp\/v2\/product\/2333\/revisions\/2336"}],"wp:featuredmedia":[{"embeddable":true,"href":"https:\/\/aslotech-dz.com\/eshop\/wp-json\/wp\/v2\/media\/2334"}],"wp:attachment":[{"href":"https:\/\/aslotech-dz.com\/eshop\/wp-json\/wp\/v2\/media?parent=2333"}],"wp:term":[{"taxonomy":"product_brand","embeddable":true,"href":"https:\/\/aslotech-dz.com\/eshop\/wp-json\/wp\/v2\/product_brand?post=2333"},{"taxonomy":"product_cat","embeddable":true,"href":"https:\/\/aslotech-dz.com\/eshop\/wp-json\/wp\/v2\/product_cat?post=2333"},{"taxonomy":"product_tag","embeddable":true,"href":"https:\/\/aslotech-dz.com\/eshop\/wp-json\/wp\/v2\/product_tag?post=2333"}],"curies":[{"name":"wp","href":"https:\/\/api.w.org\/{rel}","templated":true}]}}