{"id":2378,"date":"2025-11-07T18:10:31","date_gmt":"2025-11-07T18:10:31","guid":{"rendered":"https:\/\/aslotech-dz.com\/eshop\/?post_type=product&#038;p=2378"},"modified":"2025-11-07T18:10:31","modified_gmt":"2025-11-07T18:10:31","slug":"lw-cordon-de-brassage-rj45-cat6e-ftp-pvc-multi-couleurs-10m","status":"publish","type":"product","link":"https:\/\/aslotech-dz.com\/eshop\/produit\/lw-cordon-de-brassage-rj45-cat6e-ftp-pvc-multi-couleurs-10m\/","title":{"rendered":"LW cordon de Brassage Rj45 Cat6e FTP PVC Multi Couleurs 10M"},"content":{"rendered":"<p data-start=\"84\" data-end=\"533\">Le <strong data-start=\"87\" data-end=\"127\">cordon de brassage LW RJ45 Cat6e FTP<\/strong> de <strong data-start=\"131\" data-end=\"144\">10 m\u00e8tres<\/strong> est con\u00e7u pour offrir une <strong data-start=\"171\" data-end=\"216\">connexion r\u00e9seau stable, rapide et fiable<\/strong> dans les installations professionnelles et domestiques. Gr\u00e2ce \u00e0 sa certification <strong data-start=\"298\" data-end=\"307\">Cat6e<\/strong>, il prend en charge des d\u00e9bits jusqu\u2019\u00e0 <strong data-start=\"347\" data-end=\"357\">1 Gbps<\/strong> et une bande passante \u00e9lev\u00e9e, id\u00e9ale pour les <strong data-start=\"404\" data-end=\"428\">r\u00e9seaux d\u2019entreprise<\/strong>, <strong data-start=\"430\" data-end=\"454\">vid\u00e9osurveillance IP<\/strong>, <strong data-start=\"456\" data-end=\"468\">serveurs<\/strong>, <strong data-start=\"470\" data-end=\"482\">switches<\/strong>, <strong data-start=\"484\" data-end=\"496\">routeurs<\/strong> ou encore les <strong data-start=\"511\" data-end=\"532\">baies de brassage<\/strong>.<\/p>\n<p data-start=\"535\" data-end=\"968\">Son blindage <strong data-start=\"548\" data-end=\"577\">FTP (Foiled Twisted Pair)<\/strong> permet une <strong data-start=\"589\" data-end=\"638\">meilleure protection contre les interf\u00e9rences<\/strong> \u00e9lectromagn\u00e9tiques, garantissant une transmission de signal claire m\u00eame dans les environnements techniques ou industriels. La gaine en <strong data-start=\"774\" data-end=\"789\">PVC durable<\/strong> assure une bonne flexibilit\u00e9 et r\u00e9sistance, facilitant l\u2019installation.<br data-start=\"860\" data-end=\"863\" \/>Disponible en <strong data-start=\"877\" data-end=\"895\">multi couleurs<\/strong>, il aide \u00e0 <strong data-start=\"907\" data-end=\"945\">organiser et identifier rapidement<\/strong> les connexions r\u00e9seau.<\/p>\n<p data-start=\"535\" data-end=\"968\">\n<table>\n<thead>\n<tr>\n<th><strong>Caract\u00e9ristique<\/strong><\/th>\n<th><strong>D\u00e9tail<\/strong><\/th>\n<\/tr>\n<\/thead>\n<tbody>\n<tr>\n<td>Marque<\/td>\n<td>LW<\/td>\n<\/tr>\n<tr>\n<td>Type<\/td>\n<td>Cordon de brassage RJ45<\/td>\n<\/tr>\n<tr>\n<td>Connecteurs<\/td>\n<td>RJ45 M\u00e2le \/ RJ45 M\u00e2le<\/td>\n<\/tr>\n<tr>\n<td>Cat\u00e9gorie<\/td>\n<td>Cat6e<\/td>\n<\/tr>\n<tr>\n<td>Blindage<\/td>\n<td>FTP (Feuille d\u2019aluminium)<\/td>\n<\/tr>\n<tr>\n<td>Longueur<\/td>\n<td>10 m\u00e8tres<\/td>\n<\/tr>\n<tr>\n<td>Mat\u00e9riau de gaine<\/td>\n<td>PVC<\/td>\n<\/tr>\n<tr>\n<td>Vitesse support\u00e9e<\/td>\n<td>Jusqu\u2019\u00e0 1 Gbps<\/td>\n<\/tr>\n<tr>\n<td>Bande passante<\/td>\n<td>Jusqu\u2019\u00e0 250 MHz<\/td>\n<\/tr>\n<tr>\n<td>Couleurs<\/td>\n<td>Multi couleurs<\/td>\n<\/tr>\n<tr>\n<td>Utilisation<\/td>\n<td>R\u00e9seau, Switch, Routeur, Baie, Cam\u00e9ra IP, NVR, Serveur<\/td>\n<\/tr>\n<\/tbody>\n<\/table>\n","protected":false},"excerpt":{"rendered":"<p data-start=\"1499\" data-end=\"1617\">Cordon RJ45 <strong data-start=\"1511\" data-end=\"1531\">Cat6e FTP LW 10M<\/strong>, multi couleurs, performant et blind\u00e9 pour installations r\u00e9seau et vid\u00e9osurveillance.<\/p>\n","protected":false},"featured_media":2367,"comment_status":"open","ping_status":"closed","template":"","meta":[],"product_brand":[],"product_cat":[490],"product_tag":[506],"class_list":{"0":"post-2378","1":"product","2":"type-product","3":"status-publish","4":"has-post-thumbnail","6":"product_cat-cable-reseau","7":"product_tag-rj45-cat6e-ftp-lw-ethernet-patchcable-switch-cameraip-serveur-reseau","9":"first","10":"instock","11":"shipping-taxable","12":"purchasable","13":"product-type-simple"},"_links":{"self":[{"href":"https:\/\/aslotech-dz.com\/eshop\/wp-json\/wp\/v2\/product\/2378","targetHints":{"allow":["GET"]}}],"collection":[{"href":"https:\/\/aslotech-dz.com\/eshop\/wp-json\/wp\/v2\/product"}],"about":[{"href":"https:\/\/aslotech-dz.com\/eshop\/wp-json\/wp\/v2\/types\/product"}],"replies":[{"embeddable":true,"href":"https:\/\/aslotech-dz.com\/eshop\/wp-json\/wp\/v2\/comments?post=2378"}],"version-history":[{"count":2,"href":"https:\/\/aslotech-dz.com\/eshop\/wp-json\/wp\/v2\/product\/2378\/revisions"}],"predecessor-version":[{"id":2380,"href":"https:\/\/aslotech-dz.com\/eshop\/wp-json\/wp\/v2\/product\/2378\/revisions\/2380"}],"wp:featuredmedia":[{"embeddable":true,"href":"https:\/\/aslotech-dz.com\/eshop\/wp-json\/wp\/v2\/media\/2367"}],"wp:attachment":[{"href":"https:\/\/aslotech-dz.com\/eshop\/wp-json\/wp\/v2\/media?parent=2378"}],"wp:term":[{"taxonomy":"product_brand","embeddable":true,"href":"https:\/\/aslotech-dz.com\/eshop\/wp-json\/wp\/v2\/product_brand?post=2378"},{"taxonomy":"product_cat","embeddable":true,"href":"https:\/\/aslotech-dz.com\/eshop\/wp-json\/wp\/v2\/product_cat?post=2378"},{"taxonomy":"product_tag","embeddable":true,"href":"https:\/\/aslotech-dz.com\/eshop\/wp-json\/wp\/v2\/product_tag?post=2378"}],"curies":[{"name":"wp","href":"https:\/\/api.w.org\/{rel}","templated":true}]}}