{"id":2387,"date":"2025-11-07T18:15:52","date_gmt":"2025-11-07T18:15:52","guid":{"rendered":"https:\/\/aslotech-dz.com\/eshop\/?post_type=product&#038;p=2387"},"modified":"2025-11-07T18:15:52","modified_gmt":"2025-11-07T18:15:52","slug":"lw-cordon-de-brassage-rj45-cat6e-ftp-pvc-multi-couleurs-5m","status":"publish","type":"product","link":"https:\/\/aslotech-dz.com\/eshop\/produit\/lw-cordon-de-brassage-rj45-cat6e-ftp-pvc-multi-couleurs-5m\/","title":{"rendered":"LW cordon de Brassage Rj45 Cat6e FTP PVC Multi Couleurs 5M"},"content":{"rendered":"<p data-start=\"73\" data-end=\"430\">Le <strong data-start=\"76\" data-end=\"116\">cordon de brassage RJ45 Cat6e FTP LW<\/strong> de <strong data-start=\"120\" data-end=\"132\">5 m\u00e8tres<\/strong> est id\u00e9al pour les connexions r\u00e9seau fiables dans les <strong data-start=\"187\" data-end=\"254\">bureaux, entreprises, serveurs, switchs, routeurs et cam\u00e9ras IP<\/strong>. Con\u00e7u en <strong data-start=\"265\" data-end=\"294\">FTP (Foiled Twisted Pair)<\/strong>, il dispose d\u2019un blindage efficace contre les interf\u00e9rences \u00e9lectromagn\u00e9tiques, garantissant une <strong data-start=\"392\" data-end=\"429\">transmission stable et sans perte<\/strong>.<\/p>\n<p data-start=\"432\" data-end=\"778\">Gr\u00e2ce \u00e0 sa <strong data-start=\"443\" data-end=\"462\">cat\u00e9gorie Cat6e<\/strong>, il supporte des <strong data-start=\"480\" data-end=\"507\">vitesses jusqu\u2019\u00e0 1 Gbps<\/strong> et une <strong data-start=\"515\" data-end=\"541\">bande passante \u00e9tendue<\/strong>, assurant de hautes performances pour les r\u00e9seaux modernes. La gaine en <strong data-start=\"614\" data-end=\"621\">PVC<\/strong> assure r\u00e9sistance et flexibilit\u00e9, tandis que le choix <strong data-start=\"676\" data-end=\"694\">multi couleurs<\/strong> permet une <strong data-start=\"706\" data-end=\"742\">organisation claire des c\u00e2blages<\/strong> dans les baies et armoires r\u00e9seaux.<\/p>\n<p data-start=\"432\" data-end=\"778\">\n<table>\n<thead>\n<tr>\n<th><strong>Caract\u00e9ristique<\/strong><\/th>\n<th><strong>D\u00e9tail<\/strong><\/th>\n<\/tr>\n<\/thead>\n<tbody>\n<tr>\n<td>Marque<\/td>\n<td>LW<\/td>\n<\/tr>\n<tr>\n<td>Type<\/td>\n<td>Cordon de Brassage RJ45<\/td>\n<\/tr>\n<tr>\n<td>Longueur<\/td>\n<td><strong>5 m\u00e8tres<\/strong><\/td>\n<\/tr>\n<tr>\n<td>Cat\u00e9gorie<\/td>\n<td><strong>Cat6e<\/strong><\/td>\n<\/tr>\n<tr>\n<td>Blindage<\/td>\n<td><strong>FTP (Foiled Twisted Pair)<\/strong><\/td>\n<\/tr>\n<tr>\n<td>Connecteurs<\/td>\n<td>RJ45 M\u00e2le \/ M\u00e2le<\/td>\n<\/tr>\n<tr>\n<td>D\u00e9bit support\u00e9<\/td>\n<td>Jusqu\u2019\u00e0 <strong>1 Gbps<\/strong><\/td>\n<\/tr>\n<tr>\n<td>Bande passante<\/td>\n<td>Jusqu\u2019\u00e0 <strong>250 MHz<\/strong><\/td>\n<\/tr>\n<tr>\n<td>Gaine<\/td>\n<td>PVC durable<\/td>\n<\/tr>\n<tr>\n<td>Couleurs<\/td>\n<td>Multi couleurs<\/td>\n<\/tr>\n<tr>\n<td>Utilisation<\/td>\n<td>Switch, Routeur, PC, Baie, Serveur, Cam\u00e9ra IP<\/td>\n<\/tr>\n<\/tbody>\n<\/table>\n<p>&nbsp;<\/p>\n","protected":false},"excerpt":{"rendered":"<p>Cordon RJ45 <strong data-start=\"1319\" data-end=\"1338\">LW Cat6e FTP 5M<\/strong> \u2013 blind\u00e9, durable et id\u00e9al pour r\u00e9seaux professionnels.<\/p>\n","protected":false},"featured_media":2354,"comment_status":"open","ping_status":"closed","template":"","meta":[],"product_brand":[],"product_cat":[490],"product_tag":[509],"class_list":{"0":"post-2387","1":"product","2":"type-product","3":"status-publish","4":"has-post-thumbnail","6":"product_cat-cable-reseau","7":"product_tag-lw-rj45-cat6e-ftp-patchcable-reseau-switch-serveur-cameraip-informatique","9":"first","10":"instock","11":"shipping-taxable","12":"purchasable","13":"product-type-simple"},"_links":{"self":[{"href":"https:\/\/aslotech-dz.com\/eshop\/wp-json\/wp\/v2\/product\/2387","targetHints":{"allow":["GET"]}}],"collection":[{"href":"https:\/\/aslotech-dz.com\/eshop\/wp-json\/wp\/v2\/product"}],"about":[{"href":"https:\/\/aslotech-dz.com\/eshop\/wp-json\/wp\/v2\/types\/product"}],"replies":[{"embeddable":true,"href":"https:\/\/aslotech-dz.com\/eshop\/wp-json\/wp\/v2\/comments?post=2387"}],"version-history":[{"count":2,"href":"https:\/\/aslotech-dz.com\/eshop\/wp-json\/wp\/v2\/product\/2387\/revisions"}],"predecessor-version":[{"id":2389,"href":"https:\/\/aslotech-dz.com\/eshop\/wp-json\/wp\/v2\/product\/2387\/revisions\/2389"}],"wp:featuredmedia":[{"embeddable":true,"href":"https:\/\/aslotech-dz.com\/eshop\/wp-json\/wp\/v2\/media\/2354"}],"wp:attachment":[{"href":"https:\/\/aslotech-dz.com\/eshop\/wp-json\/wp\/v2\/media?parent=2387"}],"wp:term":[{"taxonomy":"product_brand","embeddable":true,"href":"https:\/\/aslotech-dz.com\/eshop\/wp-json\/wp\/v2\/product_brand?post=2387"},{"taxonomy":"product_cat","embeddable":true,"href":"https:\/\/aslotech-dz.com\/eshop\/wp-json\/wp\/v2\/product_cat?post=2387"},{"taxonomy":"product_tag","embeddable":true,"href":"https:\/\/aslotech-dz.com\/eshop\/wp-json\/wp\/v2\/product_tag?post=2387"}],"curies":[{"name":"wp","href":"https:\/\/api.w.org\/{rel}","templated":true}]}}