{"id":2424,"date":"2025-11-07T19:29:19","date_gmt":"2025-11-07T19:29:19","guid":{"rendered":"https:\/\/aslotech-dz.com\/eshop\/?post_type=product&#038;p=2424"},"modified":"2025-11-07T19:29:19","modified_gmt":"2025-11-07T19:29:19","slug":"alimentation-cctv-pvc-newtech-8s","status":"publish","type":"product","link":"https:\/\/aslotech-dz.com\/eshop\/produit\/alimentation-cctv-pvc-newtech-8s\/","title":{"rendered":"ALIMENTATION CCTV PVC NEWTECH 8S"},"content":{"rendered":"<p data-start=\"82\" data-end=\"378\">L\u2019<strong data-start=\"84\" data-end=\"120\">alimentation CCTV PVC NEWTECH 8S<\/strong> est con\u00e7ue pour alimenter efficacement vos <strong data-start=\"164\" data-end=\"208\">cam\u00e9ras de surveillance et syst\u00e8mes CCTV<\/strong>. Avec <strong data-start=\"215\" data-end=\"228\">8 sorties<\/strong>, elle permet de centraliser l\u2019alimentation de plusieurs cam\u00e9ras \u00e0 partir d\u2019un seul bo\u00eetier, simplifiant l\u2019installation et la gestion des \u00e9quipements.<\/p>\n<p data-start=\"380\" data-end=\"734\">Son bo\u00eetier en <strong data-start=\"395\" data-end=\"410\">PVC robuste<\/strong> offre protection contre les chocs et assure une <strong data-start=\"459\" data-end=\"480\">durabilit\u00e9 \u00e9lev\u00e9e<\/strong>. Cette alimentation fournit une <strong data-start=\"513\" data-end=\"544\">tension stable et s\u00e9curis\u00e9e<\/strong>, garantissant le fonctionnement optimal des cam\u00e9ras et r\u00e9duisant les risques de panne ou de fluctuations \u00e9lectriques. Elle est id\u00e9ale pour les <strong data-start=\"688\" data-end=\"733\">installations de petite et moyenne taille<\/strong>.<\/p>\n<p data-start=\"380\" data-end=\"734\">\n<table>\n<thead>\n<tr>\n<th><strong>Caract\u00e9ristique<\/strong><\/th>\n<th><strong>D\u00e9tail<\/strong><\/th>\n<\/tr>\n<\/thead>\n<tbody>\n<tr>\n<td>Marque<\/td>\n<td>NEWTECH<\/td>\n<\/tr>\n<tr>\n<td>Type<\/td>\n<td>Alimentation CCTV<\/td>\n<\/tr>\n<tr>\n<td>Nombre de sorties<\/td>\n<td>8 sorties<\/td>\n<\/tr>\n<tr>\n<td>Mat\u00e9riau<\/td>\n<td>Bo\u00eetier PVC<\/td>\n<\/tr>\n<tr>\n<td>Tension de sortie<\/td>\n<td>12V DC (standard CCTV)<\/td>\n<\/tr>\n<tr>\n<td>Utilisation<\/td>\n<td>Alimentation cam\u00e9ras de surveillance<\/td>\n<\/tr>\n<tr>\n<td>Avantages<\/td>\n<td>Protection des cam\u00e9ras, installation centralis\u00e9e, tension stable<\/td>\n<\/tr>\n<tr>\n<td>Protection<\/td>\n<td>Contre surcharges et courts-circuits<\/td>\n<\/tr>\n<\/tbody>\n<\/table>\n","protected":false},"excerpt":{"rendered":"<p data-start=\"1229\" data-end=\"1331\">Alimentation <strong data-start=\"1242\" data-end=\"1261\">CCTV NEWTECH 8S<\/strong>, 8 sorties, bo\u00eetier PVC, tension stable pour cam\u00e9ras de surveillance.<\/p>\n","protected":false},"featured_media":2425,"comment_status":"open","ping_status":"closed","template":"","meta":[],"product_brand":[437],"product_cat":[518],"product_tag":[521],"class_list":{"0":"post-2424","1":"product","2":"type-product","3":"status-publish","4":"has-post-thumbnail","6":"product_brand-newtech","7":"product_cat-alimentation-cctv","8":"product_tag-newtech-cctv-alimentation-8s-securite-surveillance-cameraip-boitierpvc-installationpro","10":"first","11":"instock","12":"shipping-taxable","13":"purchasable","14":"product-type-simple"},"_links":{"self":[{"href":"https:\/\/aslotech-dz.com\/eshop\/wp-json\/wp\/v2\/product\/2424","targetHints":{"allow":["GET"]}}],"collection":[{"href":"https:\/\/aslotech-dz.com\/eshop\/wp-json\/wp\/v2\/product"}],"about":[{"href":"https:\/\/aslotech-dz.com\/eshop\/wp-json\/wp\/v2\/types\/product"}],"replies":[{"embeddable":true,"href":"https:\/\/aslotech-dz.com\/eshop\/wp-json\/wp\/v2\/comments?post=2424"}],"version-history":[{"count":1,"href":"https:\/\/aslotech-dz.com\/eshop\/wp-json\/wp\/v2\/product\/2424\/revisions"}],"predecessor-version":[{"id":2426,"href":"https:\/\/aslotech-dz.com\/eshop\/wp-json\/wp\/v2\/product\/2424\/revisions\/2426"}],"wp:featuredmedia":[{"embeddable":true,"href":"https:\/\/aslotech-dz.com\/eshop\/wp-json\/wp\/v2\/media\/2425"}],"wp:attachment":[{"href":"https:\/\/aslotech-dz.com\/eshop\/wp-json\/wp\/v2\/media?parent=2424"}],"wp:term":[{"taxonomy":"product_brand","embeddable":true,"href":"https:\/\/aslotech-dz.com\/eshop\/wp-json\/wp\/v2\/product_brand?post=2424"},{"taxonomy":"product_cat","embeddable":true,"href":"https:\/\/aslotech-dz.com\/eshop\/wp-json\/wp\/v2\/product_cat?post=2424"},{"taxonomy":"product_tag","embeddable":true,"href":"https:\/\/aslotech-dz.com\/eshop\/wp-json\/wp\/v2\/product_tag?post=2424"}],"curies":[{"name":"wp","href":"https:\/\/api.w.org\/{rel}","templated":true}]}}