{"id":2437,"date":"2025-11-07T19:40:16","date_gmt":"2025-11-07T19:40:16","guid":{"rendered":"https:\/\/aslotech-dz.com\/eshop\/?post_type=product&#038;p=2437"},"modified":"2025-11-07T19:40:16","modified_gmt":"2025-11-07T19:40:16","slug":"alimentation-cctv-12v2a-newtech","status":"publish","type":"product","link":"https:\/\/aslotech-dz.com\/eshop\/produit\/alimentation-cctv-12v2a-newtech\/","title":{"rendered":"Alimentation CCTV 12V2A NEWTECH"},"content":{"rendered":"<p data-start=\"82\" data-end=\"426\">L\u2019<strong data-start=\"84\" data-end=\"120\">alimentation CCTV 12V 2A NEWTECH<\/strong> est con\u00e7ue pour fournir une <strong data-start=\"149\" data-end=\"180\">tension stable et s\u00e9curis\u00e9e<\/strong> \u00e0 vos cam\u00e9ras de surveillance et autres dispositifs basse tension. Compacte et facile \u00e0 installer, elle est id\u00e9ale pour les <strong data-start=\"305\" data-end=\"351\">petites installations de vid\u00e9osurveillance<\/strong>, garantissant une alimentation fiable pour une cam\u00e9ra ou un petit syst\u00e8me.<\/p>\n<p data-start=\"428\" data-end=\"694\">Fabriqu\u00e9e par <strong data-start=\"442\" data-end=\"453\">NEWTECH<\/strong>, cette alimentation offre une <strong data-start=\"484\" data-end=\"543\">protection contre les surcharges et les courts-circuits<\/strong>, assurant la s\u00e9curit\u00e9 et la durabilit\u00e9 de vos \u00e9quipements. Son bo\u00eetier robuste permet une installation s\u00fbre pour un usage domestique ou professionnel.<\/p>\n<p data-start=\"428\" data-end=\"694\">\n<table>\n<thead>\n<tr>\n<th><strong>Caract\u00e9ristique<\/strong><\/th>\n<th><strong>D\u00e9tail<\/strong><\/th>\n<\/tr>\n<\/thead>\n<tbody>\n<tr>\n<td>Marque<\/td>\n<td>NEWTECH<\/td>\n<\/tr>\n<tr>\n<td>Type<\/td>\n<td>Alimentation CCTV<\/td>\n<\/tr>\n<tr>\n<td>Tension de sortie<\/td>\n<td>12V DC<\/td>\n<\/tr>\n<tr>\n<td>Courant de sortie<\/td>\n<td>2A<\/td>\n<\/tr>\n<tr>\n<td>Nombre de sorties<\/td>\n<td>1 sortie<\/td>\n<\/tr>\n<tr>\n<td>Mat\u00e9riau<\/td>\n<td>Bo\u00eetier compact et robuste<\/td>\n<\/tr>\n<tr>\n<td>Utilisation<\/td>\n<td>Cam\u00e9ras CCTV, syst\u00e8mes basse tension<\/td>\n<\/tr>\n<tr>\n<td>Avantages<\/td>\n<td>Tension stable, protection contre surcharge et court-circuit<\/td>\n<\/tr>\n<tr>\n<td>Protection<\/td>\n<td>Contre surcharges et courts-circuits<\/td>\n<\/tr>\n<\/tbody>\n<\/table>\n","protected":false},"excerpt":{"rendered":"<p>Alimentation <strong data-start=\"1223\" data-end=\"1246\">CCTV 12V 2A NEWTECH<\/strong>, sortie unique, stable et s\u00e9curis\u00e9e pour cam\u00e9ras de surveillance.<\/p>\n","protected":false},"featured_media":2435,"comment_status":"open","ping_status":"closed","template":"","meta":[],"product_brand":[437],"product_cat":[518],"product_tag":[525],"class_list":{"0":"post-2437","1":"product","2":"type-product","3":"status-publish","4":"has-post-thumbnail","6":"product_brand-newtech","7":"product_cat-alimentation-cctv","8":"product_tag-newtech-alimentation-12v2a-cctv-securite-surveillance-cameraip-bassetension-installationpro","10":"first","11":"instock","12":"shipping-taxable","13":"purchasable","14":"product-type-simple"},"_links":{"self":[{"href":"https:\/\/aslotech-dz.com\/eshop\/wp-json\/wp\/v2\/product\/2437","targetHints":{"allow":["GET"]}}],"collection":[{"href":"https:\/\/aslotech-dz.com\/eshop\/wp-json\/wp\/v2\/product"}],"about":[{"href":"https:\/\/aslotech-dz.com\/eshop\/wp-json\/wp\/v2\/types\/product"}],"replies":[{"embeddable":true,"href":"https:\/\/aslotech-dz.com\/eshop\/wp-json\/wp\/v2\/comments?post=2437"}],"version-history":[{"count":2,"href":"https:\/\/aslotech-dz.com\/eshop\/wp-json\/wp\/v2\/product\/2437\/revisions"}],"predecessor-version":[{"id":2439,"href":"https:\/\/aslotech-dz.com\/eshop\/wp-json\/wp\/v2\/product\/2437\/revisions\/2439"}],"wp:featuredmedia":[{"embeddable":true,"href":"https:\/\/aslotech-dz.com\/eshop\/wp-json\/wp\/v2\/media\/2435"}],"wp:attachment":[{"href":"https:\/\/aslotech-dz.com\/eshop\/wp-json\/wp\/v2\/media?parent=2437"}],"wp:term":[{"taxonomy":"product_brand","embeddable":true,"href":"https:\/\/aslotech-dz.com\/eshop\/wp-json\/wp\/v2\/product_brand?post=2437"},{"taxonomy":"product_cat","embeddable":true,"href":"https:\/\/aslotech-dz.com\/eshop\/wp-json\/wp\/v2\/product_cat?post=2437"},{"taxonomy":"product_tag","embeddable":true,"href":"https:\/\/aslotech-dz.com\/eshop\/wp-json\/wp\/v2\/product_tag?post=2437"}],"curies":[{"name":"wp","href":"https:\/\/api.w.org\/{rel}","templated":true}]}}