{"id":2484,"date":"2025-11-07T20:28:19","date_gmt":"2025-11-07T20:28:19","guid":{"rendered":"https:\/\/aslotech-dz.com\/eshop\/?post_type=product&#038;p=2484"},"modified":"2025-11-07T20:28:19","modified_gmt":"2025-11-07T20:28:19","slug":"raccord-fiche-bnc-femmele","status":"publish","type":"product","link":"https:\/\/aslotech-dz.com\/eshop\/produit\/raccord-fiche-bnc-femmele\/","title":{"rendered":"RACCORD FICHE BNC FEMMELE"},"content":{"rendered":"<p data-start=\"82\" data-end=\"403\">Le <strong data-start=\"85\" data-end=\"114\">raccord fiche BNC femelle<\/strong> est con\u00e7u pour assurer une <strong data-start=\"142\" data-end=\"175\">connexion s\u00e9curis\u00e9e et fiable<\/strong> entre vos c\u00e2bles coaxiaux dans les syst\u00e8mes de vid\u00e9osurveillance. Il permet de <strong data-start=\"255\" data-end=\"328\">relier facilement les cam\u00e9ras CCTV \u00e0 un DVR ou \u00e0 d\u2019autres \u00e9quipements<\/strong>, garantissant une <strong data-start=\"347\" data-end=\"400\">transmission vid\u00e9o stable et sans perte de signal<\/strong>.<\/p>\n<p data-start=\"405\" data-end=\"685\">Fabriqu\u00e9 avec des mat\u00e9riaux robustes, ce raccord BNC femelle est durable et r\u00e9sistant \u00e0 l\u2019usure, assurant une installation propre et professionnelle. Id\u00e9al pour les installations <strong data-start=\"584\" data-end=\"619\">domestiques et professionnelles<\/strong>, il simplifie le c\u00e2blage et assure la continuit\u00e9 du signal vid\u00e9o.<\/p>\n<p data-start=\"405\" data-end=\"685\">\n<table>\n<thead>\n<tr>\n<th><strong>Caract\u00e9ristique<\/strong><\/th>\n<th><strong>D\u00e9tail<\/strong><\/th>\n<\/tr>\n<\/thead>\n<tbody>\n<tr>\n<td>Type<\/td>\n<td>Raccord fiche BNC femelle<\/td>\n<\/tr>\n<tr>\n<td>Compatibilit\u00e9<\/td>\n<td>C\u00e2bles coaxiaux pour CCTV<\/td>\n<\/tr>\n<tr>\n<td>Utilisation<\/td>\n<td>Connexion cam\u00e9ra DVR \/ CCTV<\/td>\n<\/tr>\n<tr>\n<td>Mat\u00e9riau<\/td>\n<td>M\u00e9tal robuste<\/td>\n<\/tr>\n<tr>\n<td>Avantages<\/td>\n<td>Transmission stable, durable, installation simple<\/td>\n<\/tr>\n<tr>\n<td>Installation<\/td>\n<td>Plug &amp; Play \/ insertion facile<\/td>\n<\/tr>\n<\/tbody>\n<\/table>\n","protected":false},"excerpt":{"rendered":"<p>Raccord <strong data-start=\"1114\" data-end=\"1129\">BNC femelle<\/strong>, connexion fiable et durable pour cam\u00e9ras CCTV et DVR.<\/p>\n","protected":false},"featured_media":2485,"comment_status":"open","ping_status":"closed","template":"","meta":[],"product_brand":[],"product_cat":[530],"product_tag":[539],"class_list":{"0":"post-2484","1":"product","2":"type-product","3":"status-publish","4":"has-post-thumbnail","6":"product_cat-accessoires-camera","7":"product_tag-bnc-raccordbnc-cctv-videosurveillance-camera-dvr-connexionfiable-installationpro-securite","9":"first","10":"instock","11":"shipping-taxable","12":"purchasable","13":"product-type-simple"},"_links":{"self":[{"href":"https:\/\/aslotech-dz.com\/eshop\/wp-json\/wp\/v2\/product\/2484","targetHints":{"allow":["GET"]}}],"collection":[{"href":"https:\/\/aslotech-dz.com\/eshop\/wp-json\/wp\/v2\/product"}],"about":[{"href":"https:\/\/aslotech-dz.com\/eshop\/wp-json\/wp\/v2\/types\/product"}],"replies":[{"embeddable":true,"href":"https:\/\/aslotech-dz.com\/eshop\/wp-json\/wp\/v2\/comments?post=2484"}],"version-history":[{"count":1,"href":"https:\/\/aslotech-dz.com\/eshop\/wp-json\/wp\/v2\/product\/2484\/revisions"}],"predecessor-version":[{"id":2486,"href":"https:\/\/aslotech-dz.com\/eshop\/wp-json\/wp\/v2\/product\/2484\/revisions\/2486"}],"wp:featuredmedia":[{"embeddable":true,"href":"https:\/\/aslotech-dz.com\/eshop\/wp-json\/wp\/v2\/media\/2485"}],"wp:attachment":[{"href":"https:\/\/aslotech-dz.com\/eshop\/wp-json\/wp\/v2\/media?parent=2484"}],"wp:term":[{"taxonomy":"product_brand","embeddable":true,"href":"https:\/\/aslotech-dz.com\/eshop\/wp-json\/wp\/v2\/product_brand?post=2484"},{"taxonomy":"product_cat","embeddable":true,"href":"https:\/\/aslotech-dz.com\/eshop\/wp-json\/wp\/v2\/product_cat?post=2484"},{"taxonomy":"product_tag","embeddable":true,"href":"https:\/\/aslotech-dz.com\/eshop\/wp-json\/wp\/v2\/product_tag?post=2484"}],"curies":[{"name":"wp","href":"https:\/\/api.w.org\/{rel}","templated":true}]}}