{"id":2518,"date":"2025-11-07T21:32:35","date_gmt":"2025-11-07T21:32:35","guid":{"rendered":"https:\/\/aslotech-dz.com\/eshop\/?post_type=product&#038;p=2518"},"modified":"2025-11-07T21:32:35","modified_gmt":"2025-11-07T21:32:35","slug":"boite-de-jonction-ecm-pfa","status":"publish","type":"product","link":"https:\/\/aslotech-dz.com\/eshop\/produit\/boite-de-jonction-ecm-pfa\/","title":{"rendered":"Boite de jonction ECM PFA"},"content":{"rendered":"<p><em>La bo\u00eete de jonction <strong data-start=\"149\" data-end=\"160\">ECM\u202fPFA<\/strong> est con\u00e7ue pour les installations vid\u00e9osurveillance et c\u00e2blage \u00e9lectrique n\u00e9cessitant une solution esth\u00e9tiquement propre, s\u00e9curis\u00e9e et durable. Elle permet de regrouper les connexions, de prot\u00e9ger les c\u00e2bles et les bornes \u00e9lectriques ou vid\u00e9o, tout en offrant un support fiable pour le montage mural ou au plafond.<br data-start=\"475\" data-end=\"478\" \/>Gr\u00e2ce \u00e0 sa construction adapt\u00e9e, elle convient aussi bien pour les environnements r\u00e9sidentiels que professionnels. Elle aide \u00e0 \u00ab\u202fcacher\u202f\u00bb les raccordements et contribue \u00e0 une finition d\u2019installation soign\u00e9e et fiable.<\/em><\/p>\n<p>&nbsp;<\/p>\n<table>\n<thead>\n<tr>\n<th>Caract\u00e9ristique<\/th>\n<th>D\u00e9tail estim\u00e9 \/ typique<\/th>\n<\/tr>\n<\/thead>\n<tbody>\n<tr>\n<td>Marque<\/td>\n<td>ECM<\/td>\n<\/tr>\n<tr>\n<td>Mod\u00e8le<\/td>\n<td>PFA (version bo\u00eete de jonction)<\/td>\n<\/tr>\n<tr>\n<td>Type<\/td>\n<td>Bo\u00eete de jonction \/ d\u00e9rivation pour c\u00e2bles<\/td>\n<\/tr>\n<tr>\n<td>Utilisation<\/td>\n<td>Cam\u00e9ras, installations vid\u00e9osurveillance, c\u00e2blage r\u00e9seau ou \u00e9lectrique<\/td>\n<\/tr>\n<tr>\n<td>Mat\u00e9riau<\/td>\n<td>Plastique ou m\u00e9tal selon version<\/td>\n<\/tr>\n<tr>\n<td>Fixation<\/td>\n<td>Murale ou plafonnier<\/td>\n<\/tr>\n<tr>\n<td>Avantages<\/td>\n<td>Protection des c\u00e2bles, installation propre, durable<\/td>\n<\/tr>\n<tr>\n<td>Compatibilit\u00e9<\/td>\n<td>Syst\u00e8mes CCTV, cam\u00e9ras IP, interphones, r\u00e9seau<\/td>\n<\/tr>\n<\/tbody>\n<\/table>\n","protected":false},"excerpt":{"rendered":"<p>Bo\u00eete de jonction <strong data-start=\"1645\" data-end=\"1656\">ECM PFA<\/strong>, permet de centraliser et prot\u00e9ger c\u00e2bles et raccords pour installations vid\u00e9osurveillance et r\u00e9seau.<\/p>\n","protected":false},"featured_media":2503,"comment_status":"open","ping_status":"closed","template":"","meta":[],"product_brand":[239],"product_cat":[543],"product_tag":[552],"class_list":{"0":"post-2518","1":"product","2":"type-product","3":"status-publish","4":"has-post-thumbnail","6":"product_brand-ecm","7":"product_cat-boite-de-jonction","8":"product_tag-ecm-boitejonction-pfa-cctv-videosurveillance-installationpro-protectioncables-cablage","10":"first","11":"instock","12":"shipping-taxable","13":"purchasable","14":"product-type-simple"},"_links":{"self":[{"href":"https:\/\/aslotech-dz.com\/eshop\/wp-json\/wp\/v2\/product\/2518","targetHints":{"allow":["GET"]}}],"collection":[{"href":"https:\/\/aslotech-dz.com\/eshop\/wp-json\/wp\/v2\/product"}],"about":[{"href":"https:\/\/aslotech-dz.com\/eshop\/wp-json\/wp\/v2\/types\/product"}],"replies":[{"embeddable":true,"href":"https:\/\/aslotech-dz.com\/eshop\/wp-json\/wp\/v2\/comments?post=2518"}],"version-history":[{"count":2,"href":"https:\/\/aslotech-dz.com\/eshop\/wp-json\/wp\/v2\/product\/2518\/revisions"}],"predecessor-version":[{"id":2520,"href":"https:\/\/aslotech-dz.com\/eshop\/wp-json\/wp\/v2\/product\/2518\/revisions\/2520"}],"wp:featuredmedia":[{"embeddable":true,"href":"https:\/\/aslotech-dz.com\/eshop\/wp-json\/wp\/v2\/media\/2503"}],"wp:attachment":[{"href":"https:\/\/aslotech-dz.com\/eshop\/wp-json\/wp\/v2\/media?parent=2518"}],"wp:term":[{"taxonomy":"product_brand","embeddable":true,"href":"https:\/\/aslotech-dz.com\/eshop\/wp-json\/wp\/v2\/product_brand?post=2518"},{"taxonomy":"product_cat","embeddable":true,"href":"https:\/\/aslotech-dz.com\/eshop\/wp-json\/wp\/v2\/product_cat?post=2518"},{"taxonomy":"product_tag","embeddable":true,"href":"https:\/\/aslotech-dz.com\/eshop\/wp-json\/wp\/v2\/product_tag?post=2518"}],"curies":[{"name":"wp","href":"https:\/\/api.w.org\/{rel}","templated":true}]}}