{"id":2521,"date":"2025-11-07T21:35:08","date_gmt":"2025-11-07T21:35:08","guid":{"rendered":"https:\/\/aslotech-dz.com\/eshop\/?post_type=product&#038;p=2521"},"modified":"2025-11-07T21:35:08","modified_gmt":"2025-11-07T21:35:08","slug":"boite-de-jonction-camaxessor-cax-2701-ma","status":"publish","type":"product","link":"https:\/\/aslotech-dz.com\/eshop\/produit\/boite-de-jonction-camaxessor-cax-2701-ma\/","title":{"rendered":"Boite de jonction Camaxessor CAX-2701-MA"},"content":{"rendered":"<p data-start=\"116\" data-end=\"443\">La bo\u00eete de jonction <strong data-start=\"137\" data-end=\"163\">Camaxessor CAX\u20112701\u2011MA<\/strong> est con\u00e7ue pour offrir une solution styl\u00e9e et s\u00e9curis\u00e9e pour l\u2019installation de cam\u00e9ras de surveillance, c\u00e2blage r\u00e9seau ou syst\u00e8mes de contr\u00f4le d\u2019acc\u00e8s. Elle permet de <strong data-start=\"331\" data-end=\"440\">cacher les c\u00e2bles et connecteurs tout en organisant et prot\u00e9geant les installations \u00e9lectriques et vid\u00e9os<\/strong>.<\/p>\n<p data-start=\"445\" data-end=\"753\">Fabriqu\u00e9e dans des mat\u00e9riaux robustes, elle garantit une durabilit\u00e9 \u00e9lev\u00e9e et convient aux installations int\u00e9rieures. Elle simplifie l\u2019installation et am\u00e9liore l\u2019esth\u00e9tique et l\u2019organisation des c\u00e2bles, ce qui est particuli\u00e8rement utile pour les applications professionnelles ou r\u00e9sidentielles haut de gamme.<\/p>\n<p data-start=\"445\" data-end=\"753\">\n<table>\n<thead>\n<tr>\n<th><strong>Caract\u00e9ristique<\/strong><\/th>\n<th><strong>D\u00e9tail<\/strong><\/th>\n<\/tr>\n<\/thead>\n<tbody>\n<tr>\n<td>Marque<\/td>\n<td>Camaxessor (ou \u00e9quivalent)<\/td>\n<\/tr>\n<tr>\n<td>Mod\u00e8le<\/td>\n<td>CAX\u20112701\u2011MA<\/td>\n<\/tr>\n<tr>\n<td>Type<\/td>\n<td>Bo\u00eete de jonction \/ d\u00e9rivation<\/td>\n<\/tr>\n<tr>\n<td>Utilisation<\/td>\n<td>Protection et organisation des c\u00e2bles, vid\u00e9osurveillance<\/td>\n<\/tr>\n<tr>\n<td>Avantages<\/td>\n<td>Montage propre, finition soign\u00e9e, protection durable<\/td>\n<\/tr>\n<tr>\n<td>Compatibilit\u00e9<\/td>\n<td>Syst\u00e8mes CCTV, cam\u00e9ras, c\u00e2blage r\u00e9seau &amp; contr\u00f4le d\u2019acc\u00e8s<\/td>\n<\/tr>\n<tr>\n<td>Installation<\/td>\n<td>Murale ou plafond<\/td>\n<\/tr>\n<\/tbody>\n<\/table>\n","protected":false},"excerpt":{"rendered":"<p>Bo\u00eete de jonction <strong data-start=\"1645\" data-end=\"1671\">Camaxessor CAX\u20112701\u2011MA<\/strong>, pour cam\u00e9ras et c\u00e2blage r\u00e9seau, montage propre et s\u00e9curis\u00e9.<\/p>\n","protected":false},"featured_media":2522,"comment_status":"open","ping_status":"closed","template":"","meta":[],"product_brand":[542],"product_cat":[543],"product_tag":[553],"class_list":{"0":"post-2521","1":"product","2":"type-product","3":"status-publish","4":"has-post-thumbnail","6":"product_brand-camaxessor","7":"product_cat-boite-de-jonction","8":"product_tag-camaxessor-cax2701ma-boitejonction-cctv-videosurveillance-installationpro-protectioncables-securite-cablage","10":"first","11":"instock","12":"shipping-taxable","13":"purchasable","14":"product-type-simple"},"_links":{"self":[{"href":"https:\/\/aslotech-dz.com\/eshop\/wp-json\/wp\/v2\/product\/2521","targetHints":{"allow":["GET"]}}],"collection":[{"href":"https:\/\/aslotech-dz.com\/eshop\/wp-json\/wp\/v2\/product"}],"about":[{"href":"https:\/\/aslotech-dz.com\/eshop\/wp-json\/wp\/v2\/types\/product"}],"replies":[{"embeddable":true,"href":"https:\/\/aslotech-dz.com\/eshop\/wp-json\/wp\/v2\/comments?post=2521"}],"version-history":[{"count":2,"href":"https:\/\/aslotech-dz.com\/eshop\/wp-json\/wp\/v2\/product\/2521\/revisions"}],"predecessor-version":[{"id":2524,"href":"https:\/\/aslotech-dz.com\/eshop\/wp-json\/wp\/v2\/product\/2521\/revisions\/2524"}],"wp:featuredmedia":[{"embeddable":true,"href":"https:\/\/aslotech-dz.com\/eshop\/wp-json\/wp\/v2\/media\/2522"}],"wp:attachment":[{"href":"https:\/\/aslotech-dz.com\/eshop\/wp-json\/wp\/v2\/media?parent=2521"}],"wp:term":[{"taxonomy":"product_brand","embeddable":true,"href":"https:\/\/aslotech-dz.com\/eshop\/wp-json\/wp\/v2\/product_brand?post=2521"},{"taxonomy":"product_cat","embeddable":true,"href":"https:\/\/aslotech-dz.com\/eshop\/wp-json\/wp\/v2\/product_cat?post=2521"},{"taxonomy":"product_tag","embeddable":true,"href":"https:\/\/aslotech-dz.com\/eshop\/wp-json\/wp\/v2\/product_tag?post=2521"}],"curies":[{"name":"wp","href":"https:\/\/api.w.org\/{rel}","templated":true}]}}