{"id":2534,"date":"2025-11-07T21:51:52","date_gmt":"2025-11-07T21:51:52","guid":{"rendered":"https:\/\/aslotech-dz.com\/eshop\/?post_type=product&#038;p=2534"},"modified":"2025-11-07T21:51:52","modified_gmt":"2025-11-07T21:51:52","slug":"cax-sup70-es-support-de-camera-camaxessor-en-plastique","status":"publish","type":"product","link":"https:\/\/aslotech-dz.com\/eshop\/produit\/cax-sup70-es-support-de-camera-camaxessor-en-plastique\/","title":{"rendered":"CAX-SUP70\/ES Support de camera camaxessor en plastique"},"content":{"rendered":"<p data-start=\"129\" data-end=\"456\">Le support de cam\u00e9ra <strong data-start=\"150\" data-end=\"166\">CAX\u2011SUP70\/ES<\/strong> de la marque <strong data-start=\"180\" data-end=\"194\">CAMAXESSOR<\/strong> est une solution l\u00e9g\u00e8re et pratique en <strong data-start=\"234\" data-end=\"256\">plastique renforc\u00e9<\/strong> con\u00e7ue pour la fixation de cam\u00e9ras de surveillance, notamment les mod\u00e8les d\u00f4me ou bullet. Il facilite une installation rapide et propre sur murs ou plafonds, tout en garantissant un montage s\u00e9curis\u00e9.<\/p>\n<p data-start=\"458\" data-end=\"832\">Ce support permet de fixer solidement la cam\u00e9ra, de dissimuler les c\u00e2bles et de maintenir un aspect professionnel \u00e0 l\u2019installation. Il convient pour les environnements int\u00e9rieurs et peut \u00e9galement \u00eatre adapt\u00e9 \u00e0 des conditions prot\u00e9g\u00e9es en ext\u00e9rieur. Il est id\u00e9al pour les applications r\u00e9sidentielles ou commerciales n\u00e9cessitant une solution de fixation fiable et esth\u00e9tique.<\/p>\n<p data-start=\"458\" data-end=\"832\">\n<table>\n<thead>\n<tr>\n<th><strong>Caract\u00e9ristique<\/strong><\/th>\n<th><strong>D\u00e9tail<\/strong><\/th>\n<\/tr>\n<\/thead>\n<tbody>\n<tr>\n<td>Marque<\/td>\n<td>CAMAXESSOR<\/td>\n<\/tr>\n<tr>\n<td>Mod\u00e8le<\/td>\n<td>CAX\u2011SUP70\/ES<\/td>\n<\/tr>\n<tr>\n<td>Type<\/td>\n<td>Support de cam\u00e9ra<\/td>\n<\/tr>\n<tr>\n<td>Mat\u00e9riau<\/td>\n<td>Plastique renforc\u00e9<\/td>\n<\/tr>\n<tr>\n<td>Utilisation<\/td>\n<td>Fixation pour cam\u00e9ras de surveillance (d\u00f4me \/ bullet)<\/td>\n<\/tr>\n<tr>\n<td>Installation<\/td>\n<td>Murale ou plafond<\/td>\n<\/tr>\n<tr>\n<td>Avantages<\/td>\n<td>L\u00e9ger, installation rapide, montage propre, dissimulation c\u00e2bles<\/td>\n<\/tr>\n<tr>\n<td>Environnement recommand\u00e9<\/td>\n<td>Int\u00e9rieur ou ext\u00e9rieur prot\u00e9g\u00e9<\/td>\n<\/tr>\n<\/tbody>\n<\/table>\n","protected":false},"excerpt":{"rendered":"<p>Support de cam\u00e9ra <strong data-start=\"1363\" data-end=\"1379\">CAX\u2011SUP70\/ES<\/strong> en plastique renforc\u00e9, pour fixation murale ou plafond, installation propre pour cam\u00e9ras de surveillance.<\/p>\n","protected":false},"featured_media":2535,"comment_status":"open","ping_status":"closed","template":"","meta":[],"product_brand":[542],"product_cat":[543],"product_tag":[557],"class_list":{"0":"post-2534","1":"product","2":"type-product","3":"status-publish","4":"has-post-thumbnail","6":"product_brand-camaxessor","7":"product_cat-boite-de-jonction","8":"product_tag-camaxessor-caxsup70es-supportcamera-fixationcamera-securite-videosurveillance-installationpro-cameramount","10":"first","11":"instock","12":"shipping-taxable","13":"purchasable","14":"product-type-simple"},"_links":{"self":[{"href":"https:\/\/aslotech-dz.com\/eshop\/wp-json\/wp\/v2\/product\/2534","targetHints":{"allow":["GET"]}}],"collection":[{"href":"https:\/\/aslotech-dz.com\/eshop\/wp-json\/wp\/v2\/product"}],"about":[{"href":"https:\/\/aslotech-dz.com\/eshop\/wp-json\/wp\/v2\/types\/product"}],"replies":[{"embeddable":true,"href":"https:\/\/aslotech-dz.com\/eshop\/wp-json\/wp\/v2\/comments?post=2534"}],"version-history":[{"count":1,"href":"https:\/\/aslotech-dz.com\/eshop\/wp-json\/wp\/v2\/product\/2534\/revisions"}],"predecessor-version":[{"id":2536,"href":"https:\/\/aslotech-dz.com\/eshop\/wp-json\/wp\/v2\/product\/2534\/revisions\/2536"}],"wp:featuredmedia":[{"embeddable":true,"href":"https:\/\/aslotech-dz.com\/eshop\/wp-json\/wp\/v2\/media\/2535"}],"wp:attachment":[{"href":"https:\/\/aslotech-dz.com\/eshop\/wp-json\/wp\/v2\/media?parent=2534"}],"wp:term":[{"taxonomy":"product_brand","embeddable":true,"href":"https:\/\/aslotech-dz.com\/eshop\/wp-json\/wp\/v2\/product_brand?post=2534"},{"taxonomy":"product_cat","embeddable":true,"href":"https:\/\/aslotech-dz.com\/eshop\/wp-json\/wp\/v2\/product_cat?post=2534"},{"taxonomy":"product_tag","embeddable":true,"href":"https:\/\/aslotech-dz.com\/eshop\/wp-json\/wp\/v2\/product_tag?post=2534"}],"curies":[{"name":"wp","href":"https:\/\/api.w.org\/{rel}","templated":true}]}}