{"id":2561,"date":"2025-11-07T22:40:38","date_gmt":"2025-11-07T22:40:38","guid":{"rendered":"https:\/\/aslotech-dz.com\/eshop\/?post_type=product&#038;p=2561"},"modified":"2025-11-07T22:40:38","modified_gmt":"2025-11-07T22:40:38","slug":"dhi-xvr-5108hs-x-i3-8-channels-serie-i3-up-to-5mp","status":"publish","type":"product","link":"https:\/\/aslotech-dz.com\/eshop\/produit\/dhi-xvr-5108hs-x-i3-8-channels-serie-i3-up-to-5mp\/","title":{"rendered":"DHI-XVR 5108HS-X-I3 8 CHANNELS SERIE I3 UP TO 5MP"},"content":{"rendered":"<article class=\"text-token-text-primary w-full focus:outline-none [--shadow-height:45px] has-data-writing-block:pointer-events-none has-data-writing-block:-mt-(--shadow-height) has-data-writing-block:pt-(--shadow-height) [&amp;:has([data-writing-block])&gt;*]:pointer-events-auto [content-visibility:auto] supports-[content-visibility:auto]:[contain-intrinsic-size:auto_100lvh] scroll-mt-[calc(var(--header-height)+min(200px,max(70px,20svh)))]\" dir=\"auto\" tabindex=\"-1\" data-turn-id=\"request-69090ab6-c28c-832f-8c7f-df9c92043ee4-7\" data-testid=\"conversation-turn-284\" data-scroll-anchor=\"true\" data-turn=\"assistant\">\n<div class=\"text-base my-auto mx-auto pb-10 [--thread-content-margin:--spacing(4)] thread-sm:[--thread-content-margin:--spacing(6)] thread-lg:[--thread-content-margin:--spacing(16)] px-(--thread-content-margin)\">\n<div class=\"[--thread-content-max-width:40rem] thread-lg:[--thread-content-max-width:48rem] mx-auto max-w-(--thread-content-max-width) flex-1 group\/turn-messages focus-visible:outline-hidden relative flex w-full min-w-0 flex-col agent-turn\" tabindex=\"-1\">\n<div class=\"flex max-w-full flex-col grow\">\n<div class=\"min-h-8 text-message relative flex w-full flex-col items-end gap-2 text-start break-words whitespace-normal [.text-message+&amp;]:mt-1\" dir=\"auto\" data-message-author-role=\"assistant\" data-message-id=\"6cfc51d4-becd-4edf-a5ae-8189defd2036\" data-message-model-slug=\"gpt-5-mini\">\n<div class=\"flex w-full flex-col gap-1 empty:hidden first:pt-[1px]\">\n<div class=\"markdown prose dark:prose-invert w-full break-words dark markdown-new-styling\">\n<p data-start=\"152\" data-end=\"522\">Le dispositif d\u2019enregistrement vid\u00e9o num\u00e9rique DHI\u2011XVR5108HS\u2011X\u2011I3 est un enregistreur hybride \u00e9galement capable de supporter jusqu\u2019\u00e0 <strong data-start=\"285\" data-end=\"315\">8\u202fcanaux vid\u00e9o analogiques<\/strong> tout en prenant en charge des cam\u00e9ras jusqu\u2019\u00e0 <strong data-start=\"362\" data-end=\"370\">5\u202fMP<\/strong>. Il est destin\u00e9 \u00e0 des installations moyennes n\u00e9cessitant une gestion centralis\u00e9e, un enregistrement fiable et des fonctions avanc\u00e9es de surveillance.<\/p>\n<p data-start=\"524\" data-end=\"932\">Ce mod\u00e8le supporte les formats Penta\u2011brid (HDCVI \/ AHD \/ TVI \/ CVBS \/ IP), ce qui permet de migrer progressivement vers les cam\u00e9ras IP. Il int\u00e8gre \u00e9galement la technologie d\u2019analyse intelligente de type \u00ab\u202fWizSense\u202f\u00bb (d\u00e9tection d\u2019humains\/vehicules, p\u00e9rim\u00e8tre, etc.) pour r\u00e9duire les fausses alertes. Avec la prise en charge de la compression H.265+ \/ H.265, il optimise l\u2019espace disque et la bande passante.<\/p>\n<p data-start=\"934\" data-end=\"1061\">Id\u00e9al pour les commerces, immeubles, entrep\u00f4ts, ou locaux techniques o\u00f9 un contr\u00f4le centralis\u00e9 de plusieurs cam\u00e9ras est requis.<\/p>\n<h2 data-start=\"1068\" data-end=\"1092\"><\/h2>\n<div class=\"_tableContainer_1rjym_1\">\n<div class=\"group _tableWrapper_1rjym_13 flex w-fit flex-col-reverse\" tabindex=\"-1\">\n<table class=\"w-fit min-w-(--thread-content-width)\" data-start=\"1094\" data-end=\"1918\">\n<thead data-start=\"1094\" data-end=\"1136\">\n<tr data-start=\"1094\" data-end=\"1136\">\n<th data-start=\"1094\" data-end=\"1126\" data-col-size=\"sm\">Caract\u00e9ristique<\/th>\n<th data-start=\"1126\" data-end=\"1136\" data-col-size=\"md\">D\u00e9tail<\/th>\n<\/tr>\n<\/thead>\n<tbody data-start=\"1180\" data-end=\"1918\">\n<tr data-start=\"1180\" data-end=\"1234\">\n<td data-start=\"1180\" data-end=\"1212\" data-col-size=\"sm\">Mod\u00e8le<\/td>\n<td data-start=\"1212\" data-end=\"1234\" data-col-size=\"md\">DHI\u2011XVR5108HS\u2011X\u2011I3<\/td>\n<\/tr>\n<tr data-start=\"1235\" data-end=\"1272\">\n<td data-start=\"1235\" data-end=\"1267\" data-col-size=\"sm\">Nombre de canaux analogiques<\/td>\n<td data-start=\"1267\" data-end=\"1272\" data-col-size=\"md\">8<\/td>\n<\/tr>\n<tr data-start=\"1273\" data-end=\"1338\">\n<td data-start=\"1273\" data-end=\"1305\" data-col-size=\"sm\">Formats support\u00e9s<\/td>\n<td data-start=\"1305\" data-end=\"1338\" data-col-size=\"md\">HDCVI \/ AHD \/ TVI \/ CVBS \/ IP<\/td>\n<\/tr>\n<tr data-start=\"1339\" data-end=\"1387\">\n<td data-start=\"1339\" data-end=\"1371\" data-col-size=\"sm\">R\u00e9solution maximale<\/td>\n<td data-start=\"1371\" data-end=\"1387\" data-col-size=\"md\">Jusqu\u2019\u00e0 5\u202fMP<\/td>\n<\/tr>\n<tr data-start=\"1388\" data-end=\"1458\">\n<td data-start=\"1388\" data-end=\"1420\" data-col-size=\"sm\">Channels IP max<\/td>\n<td data-start=\"1420\" data-end=\"1458\" data-col-size=\"md\">Extension possible (selon version)<\/td>\n<\/tr>\n<tr data-start=\"1459\" data-end=\"1526\">\n<td data-start=\"1459\" data-end=\"1491\" data-col-size=\"sm\">Compression vid\u00e9o<\/td>\n<td data-start=\"1491\" data-end=\"1526\" data-col-size=\"md\">H.265+ \/ H.265 \/ H.264+ \/ H.264<\/td>\n<\/tr>\n<tr data-start=\"1527\" data-end=\"1621\">\n<td data-start=\"1527\" data-end=\"1559\" data-col-size=\"sm\">Fonctions intelligentes<\/td>\n<td data-start=\"1559\" data-end=\"1621\" data-col-size=\"md\">D\u00e9tection human\/vehicle, p\u00e9rim\u00e8tre, reconnaissance faciale<\/td>\n<\/tr>\n<tr data-start=\"1622\" data-end=\"1688\">\n<td data-start=\"1622\" data-end=\"1654\" data-col-size=\"sm\">Sorties vid\u00e9o<\/td>\n<td data-start=\"1654\" data-end=\"1688\" data-col-size=\"md\">HDMI + VGA (r\u00e9solution bureau)<\/td>\n<\/tr>\n<tr data-start=\"1689\" data-end=\"1764\">\n<td data-start=\"1689\" data-end=\"1721\" data-col-size=\"sm\">Stockage<\/td>\n<td data-start=\"1721\" data-end=\"1764\" data-col-size=\"md\">1 \u00e0 2 disques durs SATA (selon version)<\/td>\n<\/tr>\n<tr data-start=\"1765\" data-end=\"1843\">\n<td data-start=\"1765\" data-end=\"1797\" data-col-size=\"sm\">Alimentation<\/td>\n<td data-start=\"1797\" data-end=\"1843\" data-col-size=\"md\">12\u202fV DC typique (\u00e0 v\u00e9rifier selon version)<\/td>\n<\/tr>\n<tr data-start=\"1844\" data-end=\"1918\">\n<td data-start=\"1844\" data-end=\"1876\" data-col-size=\"sm\">Format installation<\/td>\n<td data-start=\"1876\" data-end=\"1918\" data-col-size=\"md\">1U ou bo\u00eetier bureau pour montage rack<\/td>\n<\/tr>\n<\/tbody>\n<\/table>\n<\/div>\n<\/div>\n<p>&nbsp;<\/p>\n<p>&nbsp;<\/p>\n<\/div>\n<\/div>\n<\/div>\n<\/div>\n<div class=\"z-0 flex min-h-[46px] justify-start\"><\/div>\n<div class=\"mt-3 w-full empty:hidden\">\n<div class=\"text-center\"><\/div>\n<\/div>\n<\/div>\n<\/div>\n<\/article>\n<div class=\"pointer-events-none h-px w-px\" aria-hidden=\"true\" data-edge=\"true\"><\/div>\n","protected":false},"excerpt":{"rendered":"<p data-start=\"1956\" data-end=\"2085\">Enregistreur DVR Dahua DHI\u2011XVR5108HS\u2011X\u2011I3\u202f: 8\u202fcanaux jusqu\u2019\u00e0 5\u202fMP, penta\u2011brid, analyse intelligente WizSense, compression H.265+.<\/p>\n","protected":false},"featured_media":2562,"comment_status":"open","ping_status":"closed","template":"","meta":[],"product_brand":[90],"product_cat":[565,87],"product_tag":[567],"class_list":{"0":"post-2561","1":"product","2":"type-product","3":"status-publish","4":"has-post-thumbnail","6":"product_brand-dahua","7":"product_cat-xvr","8":"product_cat-videosurveillance","9":"product_tag-dahua-xvr5108hsx-8canaux-5mp-wizsense-dvr-videosurveillance-cctv-pentabrid-smartdetection","11":"first","12":"instock","13":"shipping-taxable","14":"purchasable","15":"product-type-simple"},"_links":{"self":[{"href":"https:\/\/aslotech-dz.com\/eshop\/wp-json\/wp\/v2\/product\/2561","targetHints":{"allow":["GET"]}}],"collection":[{"href":"https:\/\/aslotech-dz.com\/eshop\/wp-json\/wp\/v2\/product"}],"about":[{"href":"https:\/\/aslotech-dz.com\/eshop\/wp-json\/wp\/v2\/types\/product"}],"replies":[{"embeddable":true,"href":"https:\/\/aslotech-dz.com\/eshop\/wp-json\/wp\/v2\/comments?post=2561"}],"version-history":[{"count":1,"href":"https:\/\/aslotech-dz.com\/eshop\/wp-json\/wp\/v2\/product\/2561\/revisions"}],"predecessor-version":[{"id":2563,"href":"https:\/\/aslotech-dz.com\/eshop\/wp-json\/wp\/v2\/product\/2561\/revisions\/2563"}],"wp:featuredmedia":[{"embeddable":true,"href":"https:\/\/aslotech-dz.com\/eshop\/wp-json\/wp\/v2\/media\/2562"}],"wp:attachment":[{"href":"https:\/\/aslotech-dz.com\/eshop\/wp-json\/wp\/v2\/media?parent=2561"}],"wp:term":[{"taxonomy":"product_brand","embeddable":true,"href":"https:\/\/aslotech-dz.com\/eshop\/wp-json\/wp\/v2\/product_brand?post=2561"},{"taxonomy":"product_cat","embeddable":true,"href":"https:\/\/aslotech-dz.com\/eshop\/wp-json\/wp\/v2\/product_cat?post=2561"},{"taxonomy":"product_tag","embeddable":true,"href":"https:\/\/aslotech-dz.com\/eshop\/wp-json\/wp\/v2\/product_tag?post=2561"}],"curies":[{"name":"wp","href":"https:\/\/api.w.org\/{rel}","templated":true}]}}