{"id":2763,"date":"2025-11-08T08:03:53","date_gmt":"2025-11-08T08:03:53","guid":{"rendered":"https:\/\/aslotech-dz.com\/eshop\/?post_type=product&#038;p=2763"},"modified":"2025-11-08T08:03:53","modified_gmt":"2025-11-08T08:03:53","slug":"wireless-pir-camera-dahua-detecteur-de-mouvement-avec-camera-ard1731-w","status":"publish","type":"product","link":"https:\/\/aslotech-dz.com\/eshop\/produit\/wireless-pir-camera-dahua-detecteur-de-mouvement-avec-camera-ard1731-w\/","title":{"rendered":"WIRELESS PIR-CAMERA DAHUA Detecteur de mouvement avec CAMERA ARD1731-W"},"content":{"rendered":"<p data-start=\"175\" data-end=\"483\">Le <strong data-start=\"178\" data-end=\"198\">Dahua ARD1731\u2011W2<\/strong> est un <strong data-start=\"206\" data-end=\"266\">d\u00e9tecteur de mouvement PIR sans fil avec cam\u00e9ra int\u00e9gr\u00e9e<\/strong>, con\u00e7u pour s\u00e9curiser efficacement les espaces int\u00e9rieurs. Il combine un capteur PIR haute sensibilit\u00e9 avec une cam\u00e9ra couleur\/monochrome, offrant ainsi une <strong data-start=\"424\" data-end=\"459\">v\u00e9rification visuelle imm\u00e9diate<\/strong> lors d\u2019une intrusion.<\/p>\n<p data-start=\"485\" data-end=\"765\">Le d\u00e9tecteur couvre une zone d\u2019environ <strong data-start=\"524\" data-end=\"538\">12\u202fm \u00d7 86\u00b0<\/strong>, et capture des images haute r\u00e9solution jusqu\u2019\u00e0 <strong data-start=\"587\" data-end=\"609\">1600 \u00d7 1200 (2\u202fMP)<\/strong>. Il est \u00e9quip\u00e9 d\u2019un <strong data-start=\"630\" data-end=\"657\">illuminateur infrarouge<\/strong> permettant de d\u00e9tecter et d\u2019enregistrer des images dans des conditions de faible luminosit\u00e9 jusqu\u2019\u00e0 12\u202fm.<\/p>\n<p data-start=\"767\" data-end=\"1080\">La communication radio se fait sur <strong data-start=\"802\" data-end=\"813\">868\u202fMHz<\/strong> pour l\u2019alarme, avec liaison bidirectionnelle s\u00e9curis\u00e9e gr\u00e2ce au <strong data-start=\"878\" data-end=\"924\">chiffrement AES128 et au saut de fr\u00e9quence<\/strong>, offrant une port\u00e9e pouvant atteindre <strong data-start=\"963\" data-end=\"988\">1600\u202fm en champ libre<\/strong>. Le flux vid\u00e9o est transmis via une liaison RF\u2011HD 2,4\u202fGHz sur une port\u00e9e d\u2019environ 300\u202fm.<\/p>\n<p data-start=\"1082\" data-end=\"1387\">Le d\u00e9tecteur dispose d\u2019une <strong data-start=\"1109\" data-end=\"1147\">immunit\u00e9 aux animaux jusqu\u2019\u00e0 18\u202fkg<\/strong>, d\u2019un <strong data-start=\"1154\" data-end=\"1167\">mode test<\/strong>, d\u2019un <strong data-start=\"1174\" data-end=\"1198\">tamper anti-sabotage<\/strong>, et mesure la temp\u00e9rature int\u00e9rieure pour maintenir des performances stables. Il est aliment\u00e9 par <strong data-start=\"1297\" data-end=\"1315\">3 piles CR123A<\/strong>, assurant jusqu\u2019\u00e0 <strong data-start=\"1334\" data-end=\"1355\">4 ans d\u2019autonomie<\/strong> dans des conditions normales.<\/p>\n<p data-start=\"1389\" data-end=\"1643\">Le bo\u00eetier compact (127,6 \u00d7 71 \u00d7 53,2\u202fmm) en <strong data-start=\"1434\" data-end=\"1446\">PC + ABS<\/strong> se fixe facilement sur le mur, ce qui en fait une solution id\u00e9ale pour maisons, bureaux ou commerces souhaitant combiner d\u00e9tection mouvement et capture d\u2019image sans installer une cam\u00e9ra s\u00e9par\u00e9e<\/p>\n<p data-start=\"1389\" data-end=\"1643\">\n<table>\n<thead>\n<tr>\n<th><strong>Caract\u00e9ristique<\/strong><\/th>\n<th><strong>D\u00e9tail<\/strong><\/th>\n<\/tr>\n<\/thead>\n<tbody>\n<tr>\n<td>Marque<\/td>\n<td>Dahua<\/td>\n<\/tr>\n<tr>\n<td>Mod\u00e8le<\/td>\n<td>ARD1731\u2011W2<\/td>\n<\/tr>\n<tr>\n<td>Type de produit<\/td>\n<td>D\u00e9tecteur PIR sans fil + cam\u00e9ra int\u00e9gr\u00e9e<\/td>\n<\/tr>\n<tr>\n<td>Zone de d\u00e9tection<\/td>\n<td>Jusqu\u2019\u00e0 12\u202fm \u00d7 86\u00b0<\/td>\n<\/tr>\n<tr>\n<td>R\u00e9solution cam\u00e9ra<\/td>\n<td>Jusqu\u2019\u00e0 1600 \u00d7 1200 (2\u202fMP)<\/td>\n<\/tr>\n<tr>\n<td>Illumination infrarouge<\/td>\n<td>Jusqu\u2019\u00e0 12\u202fm<\/td>\n<\/tr>\n<tr>\n<td>Fr\u00e9quence radio (alarme)<\/td>\n<td>868\u202fMHz bidirectionnel, AES128, saut de fr\u00e9quence<\/td>\n<\/tr>\n<tr>\n<td>Transmission images<\/td>\n<td>RF\u2011HD 2,4\u202fGHz, ~300\u202fm champ libre<\/td>\n<\/tr>\n<tr>\n<td>Port\u00e9e radio (alarme)<\/td>\n<td>Jusqu\u2019\u00e0 1600\u202fm en champ libre<\/td>\n<\/tr>\n<tr>\n<td>Immunit\u00e9 animaux<\/td>\n<td>\u2264 18\u202fkg<\/td>\n<\/tr>\n<tr>\n<td>Alimentation<\/td>\n<td>3 \u00d7 CR123A<\/td>\n<\/tr>\n<tr>\n<td>Autonomie estim\u00e9e<\/td>\n<td>Jusqu\u2019\u00e0 4 ans<\/td>\n<\/tr>\n<tr>\n<td>Temp\u00e9rature de fonctionnement<\/td>\n<td>\u201110\u202f\u00b0C \u00e0 +55\u202f\u00b0C<\/td>\n<\/tr>\n<tr>\n<td>Dimensions (L \u00d7 l \u00d7 H)<\/td>\n<td>127,6 \u00d7 71 \u00d7 53,2\u202fmm<\/td>\n<\/tr>\n<tr>\n<td>Mat\u00e9riau bo\u00eetier<\/td>\n<td>PC + ABS<\/td>\n<\/tr>\n<tr>\n<td>Installation<\/td>\n<td>Fixation murale<\/td>\n<\/tr>\n<tr>\n<td>Fonctions suppl\u00e9mentaires<\/td>\n<td>Tamper anti-sabotage, alerte batterie faible, mise \u00e0 jour cloud<\/td>\n<\/tr>\n<\/tbody>\n<\/table>\n","protected":false},"excerpt":{"rendered":"<p>Le d\u00e9tecteur Dahua ARD1731\u2011W2 combine <strong data-start=\"2972\" data-end=\"3002\">capteur PIR et cam\u00e9ra 2\u202fMP<\/strong>, d\u00e9tecte les mouvements jusqu\u2019\u00e0 12\u202fm, transmet images et alertes via liaison s\u00e9curis\u00e9e 868\u202fMHz, dispose d\u2019<strong data-start=\"3109\" data-end=\"3133\">immunit\u00e9 aux animaux<\/strong>, et offre une autonomie jusqu\u2019\u00e0 4\u202fans pour une s\u00e9curit\u00e9 int\u00e9rieure compl\u00e8te.<\/p>\n","protected":false},"featured_media":2764,"comment_status":"open","ping_status":"closed","template":"","meta":[],"product_brand":[90],"product_cat":[129],"product_tag":[],"class_list":{"0":"post-2763","1":"product","2":"type-product","3":"status-publish","4":"has-post-thumbnail","6":"product_brand-dahua","7":"product_cat-alarme","9":"first","10":"instock","11":"shipping-taxable","12":"purchasable","13":"product-type-simple"},"_links":{"self":[{"href":"https:\/\/aslotech-dz.com\/eshop\/wp-json\/wp\/v2\/product\/2763","targetHints":{"allow":["GET"]}}],"collection":[{"href":"https:\/\/aslotech-dz.com\/eshop\/wp-json\/wp\/v2\/product"}],"about":[{"href":"https:\/\/aslotech-dz.com\/eshop\/wp-json\/wp\/v2\/types\/product"}],"replies":[{"embeddable":true,"href":"https:\/\/aslotech-dz.com\/eshop\/wp-json\/wp\/v2\/comments?post=2763"}],"version-history":[{"count":2,"href":"https:\/\/aslotech-dz.com\/eshop\/wp-json\/wp\/v2\/product\/2763\/revisions"}],"predecessor-version":[{"id":2766,"href":"https:\/\/aslotech-dz.com\/eshop\/wp-json\/wp\/v2\/product\/2763\/revisions\/2766"}],"wp:featuredmedia":[{"embeddable":true,"href":"https:\/\/aslotech-dz.com\/eshop\/wp-json\/wp\/v2\/media\/2764"}],"wp:attachment":[{"href":"https:\/\/aslotech-dz.com\/eshop\/wp-json\/wp\/v2\/media?parent=2763"}],"wp:term":[{"taxonomy":"product_brand","embeddable":true,"href":"https:\/\/aslotech-dz.com\/eshop\/wp-json\/wp\/v2\/product_brand?post=2763"},{"taxonomy":"product_cat","embeddable":true,"href":"https:\/\/aslotech-dz.com\/eshop\/wp-json\/wp\/v2\/product_cat?post=2763"},{"taxonomy":"product_tag","embeddable":true,"href":"https:\/\/aslotech-dz.com\/eshop\/wp-json\/wp\/v2\/product_tag?post=2763"}],"curies":[{"name":"wp","href":"https:\/\/api.w.org\/{rel}","templated":true}]}}