{"id":2940,"date":"2025-11-24T08:58:56","date_gmt":"2025-11-24T08:58:56","guid":{"rendered":"https:\/\/aslotech-dz.com\/eshop\/?post_type=product&#038;p=2940"},"modified":"2025-11-24T08:58:57","modified_gmt":"2025-11-24T08:58:57","slug":"ajax-spacecontrol-telecomende","status":"publish","type":"product","link":"https:\/\/aslotech-dz.com\/eshop\/produit\/ajax-spacecontrol-telecomende\/","title":{"rendered":"AJAX SPACECONTROL : TELECOMENDE"},"content":{"rendered":"<p data-start=\"392\" data-end=\"932\">Le <strong data-start=\"395\" data-end=\"416\">AJAX SpaceControl<\/strong> est une t\u00e9l\u00e9commande compacte et ergonomique qui permet de contr\u00f4ler \u00e0 distance un syst\u00e8me d\u2019alarme AJAX. Elle offre plusieurs boutons configurables pour armer, d\u00e9sarmer ou activer le mode partiel du syst\u00e8me. Sa taille r\u00e9duite la rend facile \u00e0 transporter sur un porte-cl\u00e9s ou dans un sac. La t\u00e9l\u00e9commande fonctionne avec la technologie radio s\u00e9curis\u00e9e <strong data-start=\"770\" data-end=\"782\">Jeweller<\/strong>, garantissant une communication fiable et chiffr\u00e9e avec la centrale. Id\u00e9al pour un acc\u00e8s rapide et discret \u00e0 la s\u00e9curit\u00e9 de la maison ou du bureau.<\/p>\n<p data-start=\"392\" data-end=\"932\">\n<table>\n<thead>\n<tr>\n<th><strong>Caract\u00e9ristique<\/strong><\/th>\n<th><strong>Description<\/strong><\/th>\n<\/tr>\n<\/thead>\n<tbody>\n<tr>\n<td><strong>Mod\u00e8le<\/strong><\/td>\n<td>AJAX SpaceControl<\/td>\n<\/tr>\n<tr>\n<td><strong>Type<\/strong><\/td>\n<td>T\u00e9l\u00e9commande sans fil<\/td>\n<\/tr>\n<tr>\n<td><strong>Fonction<\/strong><\/td>\n<td>Armer, d\u00e9sarmer, mode partiel<\/td>\n<\/tr>\n<tr>\n<td><strong>Connexion radio<\/strong><\/td>\n<td>Technologie Jeweller (s\u00e9curis\u00e9e)<\/td>\n<\/tr>\n<tr>\n<td><strong>Port\u00e9e<\/strong><\/td>\n<td>Jusqu\u2019\u00e0 1 000 m en champ libre<\/td>\n<\/tr>\n<tr>\n<td><strong>Batterie<\/strong><\/td>\n<td>Longue dur\u00e9e, rempla\u00e7able<\/td>\n<\/tr>\n<tr>\n<td><strong>Design<\/strong><\/td>\n<td>Compact, ergonomique, portable<\/td>\n<\/tr>\n<tr>\n<td><strong>Installation<\/strong><\/td>\n<td>Plug-and-play avec centrale AJAX<\/td>\n<\/tr>\n<tr>\n<td><strong>Usage<\/strong><\/td>\n<td>R\u00e9sidentiel ou professionnel<\/td>\n<\/tr>\n<tr>\n<td><strong>Avantages<\/strong><\/td>\n<td>Contr\u00f4le rapide, discret, s\u00e9curis\u00e9<\/td>\n<\/tr>\n<\/tbody>\n<\/table>\n","protected":false},"excerpt":{"rendered":"<p data-start=\"198\" data-end=\"356\">T\u00e9l\u00e9commande sans fil compacte pour syst\u00e8mes d\u2019alarme AJAX, permettant l\u2019armement\/d\u00e9sarmement rapide et discret du syst\u00e8me avec plusieurs modes de s\u00e9curit\u00e9.<\/p>\n","protected":false},"featured_media":2941,"comment_status":"open","ping_status":"closed","template":"","meta":[],"product_brand":[613],"product_cat":[129],"product_tag":[687],"class_list":{"0":"post-2940","1":"product","2":"type-product","3":"status-publish","4":"has-post-thumbnail","6":"product_brand-ajax","7":"product_cat-alarme","8":"product_tag-ajax-spacecontrol-telecommandealarme-maisonconnectee-securite-systemealarme-smartsecurity-controlesansfil-jewellertechnology-smarthome","10":"first","11":"instock","12":"shipping-taxable","13":"purchasable","14":"product-type-simple"},"_links":{"self":[{"href":"https:\/\/aslotech-dz.com\/eshop\/wp-json\/wp\/v2\/product\/2940","targetHints":{"allow":["GET"]}}],"collection":[{"href":"https:\/\/aslotech-dz.com\/eshop\/wp-json\/wp\/v2\/product"}],"about":[{"href":"https:\/\/aslotech-dz.com\/eshop\/wp-json\/wp\/v2\/types\/product"}],"replies":[{"embeddable":true,"href":"https:\/\/aslotech-dz.com\/eshop\/wp-json\/wp\/v2\/comments?post=2940"}],"version-history":[{"count":1,"href":"https:\/\/aslotech-dz.com\/eshop\/wp-json\/wp\/v2\/product\/2940\/revisions"}],"predecessor-version":[{"id":2942,"href":"https:\/\/aslotech-dz.com\/eshop\/wp-json\/wp\/v2\/product\/2940\/revisions\/2942"}],"wp:featuredmedia":[{"embeddable":true,"href":"https:\/\/aslotech-dz.com\/eshop\/wp-json\/wp\/v2\/media\/2941"}],"wp:attachment":[{"href":"https:\/\/aslotech-dz.com\/eshop\/wp-json\/wp\/v2\/media?parent=2940"}],"wp:term":[{"taxonomy":"product_brand","embeddable":true,"href":"https:\/\/aslotech-dz.com\/eshop\/wp-json\/wp\/v2\/product_brand?post=2940"},{"taxonomy":"product_cat","embeddable":true,"href":"https:\/\/aslotech-dz.com\/eshop\/wp-json\/wp\/v2\/product_cat?post=2940"},{"taxonomy":"product_tag","embeddable":true,"href":"https:\/\/aslotech-dz.com\/eshop\/wp-json\/wp\/v2\/product_tag?post=2940"}],"curies":[{"name":"wp","href":"https:\/\/api.w.org\/{rel}","templated":true}]}}