{"id":2951,"date":"2025-11-24T09:05:52","date_gmt":"2025-11-24T09:05:52","guid":{"rendered":"https:\/\/aslotech-dz.com\/eshop\/?post_type=product&#038;p=2951"},"modified":"2025-11-24T09:05:52","modified_gmt":"2025-11-24T09:05:52","slug":"kit-ajax-starter-street-sirenmotionprotectspacecontrolilshub","status":"publish","type":"product","link":"https:\/\/aslotech-dz.com\/eshop\/produit\/kit-ajax-starter-street-sirenmotionprotectspacecontrolilshub\/","title":{"rendered":"KIT AJAX STARTER: STREET SIREN+MOTIONPROTECT+SPACECONTROL+ILS+HUB"},"content":{"rendered":"<p data-start=\"479\" data-end=\"604\">Le <strong data-start=\"482\" data-end=\"502\">KIT AJAX Starter<\/strong> rassemble tous les \u00e9l\u00e9ments essentiels pour prot\u00e9ger efficacement une r\u00e9sidence ou un petit local :<\/p>\n<ul data-start=\"606\" data-end=\"1101\">\n<li data-start=\"606\" data-end=\"696\">\n<p data-start=\"608\" data-end=\"696\"><strong data-start=\"608\" data-end=\"615\">Hub<\/strong> : centrale intelligente, connect\u00e9e via internet pour g\u00e9rer tous les appareils.<\/p>\n<\/li>\n<li data-start=\"697\" data-end=\"799\">\n<p data-start=\"699\" data-end=\"799\"><strong data-start=\"699\" data-end=\"714\">StreetSiren<\/strong> : sir\u00e8ne ext\u00e9rieure puissante avec alerte lumineuse pour dissuader les intrusions.<\/p>\n<\/li>\n<li data-start=\"800\" data-end=\"903\">\n<p data-start=\"802\" data-end=\"903\"><strong data-start=\"802\" data-end=\"819\">MotionProtect<\/strong> : d\u00e9tecteur de mouvement int\u00e9rieur pr\u00e9cis, avec immunit\u00e9 aux animaux domestiques.<\/p>\n<\/li>\n<li data-start=\"904\" data-end=\"991\">\n<p data-start=\"906\" data-end=\"991\"><strong data-start=\"906\" data-end=\"922\">SpaceControl<\/strong> : t\u00e9l\u00e9commande compacte pour armer\/d\u00e9sarmer rapidement le syst\u00e8me.<\/p>\n<\/li>\n<li data-start=\"992\" data-end=\"1101\">\n<p data-start=\"994\" data-end=\"1101\"><strong data-start=\"994\" data-end=\"1023\">ILS (contact d\u2019ouverture)<\/strong> : capteur pour portes ou fen\u00eatres, d\u00e9tectant toute ouverture non autoris\u00e9e.<\/p>\n<\/li>\n<\/ul>\n<p data-start=\"1103\" data-end=\"1367\">Tous les dispositifs communiquent via la technologie s\u00e9curis\u00e9e <strong data-start=\"1166\" data-end=\"1178\">Jeweller<\/strong>, offrant port\u00e9e \u00e9tendue, faible consommation d\u2019\u00e9nergie et alertes instantan\u00e9es sur smartphone. Ce kit est id\u00e9al pour une premi\u00e8re installation ou pour moderniser la s\u00e9curit\u00e9 d\u2019un espace.<\/p>\n<p data-start=\"1103\" data-end=\"1367\">\n<table>\n<thead>\n<tr>\n<th><strong>\u00c9l\u00e9ment<\/strong><\/th>\n<th><strong>Description<\/strong><\/th>\n<\/tr>\n<\/thead>\n<tbody>\n<tr>\n<td><strong>Hub<\/strong><\/td>\n<td>Centrale intelligente, gestion des appareils via internet<\/td>\n<\/tr>\n<tr>\n<td><strong>StreetSiren<\/strong><\/td>\n<td>Sir\u00e8ne ext\u00e9rieure, alerte sonore et lumineuse<\/td>\n<\/tr>\n<tr>\n<td><strong>MotionProtect<\/strong><\/td>\n<td>D\u00e9tecteur de mouvement int\u00e9rieur, immunit\u00e9 aux animaux<\/td>\n<\/tr>\n<tr>\n<td><strong>SpaceControl<\/strong><\/td>\n<td>T\u00e9l\u00e9commande compacte pour armer\/d\u00e9sarmer<\/td>\n<\/tr>\n<tr>\n<td><strong>ILS (contact ouverture)<\/strong><\/td>\n<td>D\u00e9tecteur d\u2019ouverture de portes\/fen\u00eatres<\/td>\n<\/tr>\n<tr>\n<td><strong>Connexion<\/strong><\/td>\n<td>Technologie Jeweller s\u00e9curis\u00e9e<\/td>\n<\/tr>\n<tr>\n<td><strong>Installation<\/strong><\/td>\n<td>Simple, rapide, sans fil<\/td>\n<\/tr>\n<tr>\n<td><strong>Usage<\/strong><\/td>\n<td>R\u00e9sidentiel ou petits locaux<\/td>\n<\/tr>\n<tr>\n<td><strong>Avantages<\/strong><\/td>\n<td>Kit complet, surveillance connect\u00e9e, alertes instantan\u00e9es<\/td>\n<\/tr>\n<\/tbody>\n<\/table>\n","protected":false},"excerpt":{"rendered":"<p data-start=\"230\" data-end=\"443\">Kit de d\u00e9marrage AJAX complet pour s\u00e9curiser une maison ou un bureau : centrale Hub, sir\u00e8ne ext\u00e9rieure, d\u00e9tecteur de mouvement, t\u00e9l\u00e9commande et contact d\u2019ouverture. Installation rapide et surveillance connect\u00e9e.<\/p>\n","protected":false},"featured_media":2952,"comment_status":"open","ping_status":"closed","template":"","meta":[],"product_brand":[613],"product_cat":[129],"product_tag":[690],"class_list":{"0":"post-2951","1":"product","2":"type-product","3":"status-publish","4":"has-post-thumbnail","6":"product_brand-ajax","7":"product_cat-alarme","8":"product_tag-ajax-starterkit-streetsiren-motionprotect-spacecontrol-ils-hubajax-maisonconnectee-securitemaison-smartsecurity-smarthome","10":"first","11":"instock","12":"shipping-taxable","13":"purchasable","14":"product-type-simple"},"_links":{"self":[{"href":"https:\/\/aslotech-dz.com\/eshop\/wp-json\/wp\/v2\/product\/2951","targetHints":{"allow":["GET"]}}],"collection":[{"href":"https:\/\/aslotech-dz.com\/eshop\/wp-json\/wp\/v2\/product"}],"about":[{"href":"https:\/\/aslotech-dz.com\/eshop\/wp-json\/wp\/v2\/types\/product"}],"replies":[{"embeddable":true,"href":"https:\/\/aslotech-dz.com\/eshop\/wp-json\/wp\/v2\/comments?post=2951"}],"version-history":[{"count":2,"href":"https:\/\/aslotech-dz.com\/eshop\/wp-json\/wp\/v2\/product\/2951\/revisions"}],"predecessor-version":[{"id":2954,"href":"https:\/\/aslotech-dz.com\/eshop\/wp-json\/wp\/v2\/product\/2951\/revisions\/2954"}],"wp:featuredmedia":[{"embeddable":true,"href":"https:\/\/aslotech-dz.com\/eshop\/wp-json\/wp\/v2\/media\/2952"}],"wp:attachment":[{"href":"https:\/\/aslotech-dz.com\/eshop\/wp-json\/wp\/v2\/media?parent=2951"}],"wp:term":[{"taxonomy":"product_brand","embeddable":true,"href":"https:\/\/aslotech-dz.com\/eshop\/wp-json\/wp\/v2\/product_brand?post=2951"},{"taxonomy":"product_cat","embeddable":true,"href":"https:\/\/aslotech-dz.com\/eshop\/wp-json\/wp\/v2\/product_cat?post=2951"},{"taxonomy":"product_tag","embeddable":true,"href":"https:\/\/aslotech-dz.com\/eshop\/wp-json\/wp\/v2\/product_tag?post=2951"}],"curies":[{"name":"wp","href":"https:\/\/api.w.org\/{rel}","templated":true}]}}