{"id":2958,"date":"2025-11-25T15:08:39","date_gmt":"2025-11-25T15:08:39","guid":{"rendered":"https:\/\/aslotech-dz.com\/eshop\/?post_type=product&#038;p=2958"},"modified":"2025-11-25T15:09:07","modified_gmt":"2025-11-25T15:09:07","slug":"pile-cr2-compatible-avec-fireprotect-fireprotect-plus","status":"publish","type":"product","link":"https:\/\/aslotech-dz.com\/eshop\/produit\/pile-cr2-compatible-avec-fireprotect-fireprotect-plus\/","title":{"rendered":"Pile CR2 compatible avec : FireProtect \/ FireProtect Plus"},"content":{"rendered":"<p>La <strong data-start=\"429\" data-end=\"447\">pile CR2 <\/strong>\u00a0est une batterie lithium compacte et durable, con\u00e7ue pour garantir une alimentation stable aux dispositifs de s\u00e9curit\u00e9. Elle est <strong data-start=\"577\" data-end=\"602\">totalement compatible<\/strong> avec les d\u00e9tecteurs de fum\u00e9e et de temp\u00e9rature <strong data-start=\"650\" data-end=\"670\">AJAX FireProtect<\/strong> et <strong data-start=\"674\" data-end=\"694\">FireProtect Plus<\/strong>, assurant un fonctionnement fiable et prolong\u00e9.<br data-start=\"742\" data-end=\"745\" \/>Gr\u00e2ce \u00e0 sa technologie lithium, elle offre une excellente r\u00e9sistance aux variations de temp\u00e9rature, une faible autod\u00e9charge et une dur\u00e9e de vie id\u00e9ale pour les syst\u00e8mes d\u2019alarme et de surveillance.<\/p>\n<p>&nbsp;<\/p>\n<table>\n<thead>\n<tr>\n<th><strong>Caract\u00e9ristique<\/strong><\/th>\n<th><strong>Description<\/strong><\/th>\n<\/tr>\n<\/thead>\n<tbody>\n<tr>\n<td><strong>Type<\/strong><\/td>\n<td>Pile Lithium CR2<\/td>\n<\/tr>\n<tr>\n<td><strong>Compatibilit\u00e9<\/strong><\/td>\n<td>AJAX FireProtect \/ FireProtect Plus<\/td>\n<\/tr>\n<tr>\n<td><strong>Tension<\/strong><\/td>\n<td>3V<\/td>\n<\/tr>\n<tr>\n<td><strong>Technologie<\/strong><\/td>\n<td>Lithium haute performance<\/td>\n<\/tr>\n<tr>\n<td><strong>Dur\u00e9e de vie<\/strong><\/td>\n<td>Longue autonomie (faible autod\u00e9charge)<\/td>\n<\/tr>\n<tr>\n<td><strong>Utilisation recommand\u00e9e<\/strong><\/td>\n<td>D\u00e9tecteurs d\u2019incendie et temp\u00e9rature<\/td>\n<\/tr>\n<tr>\n<td><strong>R\u00e9sistance<\/strong><\/td>\n<td>Fonctionne dans des conditions vari\u00e9es<\/td>\n<\/tr>\n<tr>\n<td><strong>Format<\/strong><\/td>\n<td>Compact et l\u00e9ger<\/td>\n<\/tr>\n<\/tbody>\n<\/table>\n","protected":false},"excerpt":{"rendered":"<p data-start=\"219\" data-end=\"390\">Pile CR2 haute performance, sp\u00e9cialement recommand\u00e9e pour alimenter les d\u00e9tecteurs incendie AJAX FireProtect et FireProtect Plus. Longue dur\u00e9e et fiabilit\u00e9 optimale.<\/p>\n","protected":false},"featured_media":2960,"comment_status":"open","ping_status":"closed","template":"","meta":[],"product_brand":[692],"product_cat":[129],"product_tag":[693],"class_list":{"0":"post-2958","1":"product","2":"type-product","3":"status-publish","4":"has-post-thumbnail","6":"product_brand-huiderui","7":"product_cat-alarme","8":"product_tag-pilecr2-safir-fireprotect-fireprotectplus-battery-smartsecurity-detecteurincendie-securitemaison-ajaxcompatible","10":"first","11":"instock","12":"shipping-taxable","13":"purchasable","14":"product-type-simple"},"_links":{"self":[{"href":"https:\/\/aslotech-dz.com\/eshop\/wp-json\/wp\/v2\/product\/2958","targetHints":{"allow":["GET"]}}],"collection":[{"href":"https:\/\/aslotech-dz.com\/eshop\/wp-json\/wp\/v2\/product"}],"about":[{"href":"https:\/\/aslotech-dz.com\/eshop\/wp-json\/wp\/v2\/types\/product"}],"replies":[{"embeddable":true,"href":"https:\/\/aslotech-dz.com\/eshop\/wp-json\/wp\/v2\/comments?post=2958"}],"version-history":[{"count":2,"href":"https:\/\/aslotech-dz.com\/eshop\/wp-json\/wp\/v2\/product\/2958\/revisions"}],"predecessor-version":[{"id":2962,"href":"https:\/\/aslotech-dz.com\/eshop\/wp-json\/wp\/v2\/product\/2958\/revisions\/2962"}],"wp:featuredmedia":[{"embeddable":true,"href":"https:\/\/aslotech-dz.com\/eshop\/wp-json\/wp\/v2\/media\/2960"}],"wp:attachment":[{"href":"https:\/\/aslotech-dz.com\/eshop\/wp-json\/wp\/v2\/media?parent=2958"}],"wp:term":[{"taxonomy":"product_brand","embeddable":true,"href":"https:\/\/aslotech-dz.com\/eshop\/wp-json\/wp\/v2\/product_brand?post=2958"},{"taxonomy":"product_cat","embeddable":true,"href":"https:\/\/aslotech-dz.com\/eshop\/wp-json\/wp\/v2\/product_cat?post=2958"},{"taxonomy":"product_tag","embeddable":true,"href":"https:\/\/aslotech-dz.com\/eshop\/wp-json\/wp\/v2\/product_tag?post=2958"}],"curies":[{"name":"wp","href":"https:\/\/api.w.org\/{rel}","templated":true}]}}